{"id":746,"date":"2026-02-02T05:57:22","date_gmt":"2026-02-01T21:57:22","guid":{"rendered":"https:\/\/www.bulksolids.tech\/?page_id=746"},"modified":"2026-04-13T10:19:28","modified_gmt":"2026-04-13T02:19:28","slug":"rettar-academy","status":"publish","type":"page","link":"https:\/\/www.bulksolids.tech\/vi\/resources\/rettar-academy\/","title":{"rendered":"H\u1ecdc vi\u1ec7n RETTAR"},"content":{"rendered":"<div data-elementor-type=\"wp-page\" data-elementor-id=\"746\" class=\"elementor elementor-746\" data-elementor-settings=\"{&quot;ha_cmc_init_switcher&quot;:&quot;no&quot;}\" data-elementor-post-type=\"page\">\n\t\t\t\t\t\t<section class=\"elementor-section elementor-top-section elementor-element elementor-element-3756710 elementor-section-full_width elementor-section-height-default elementor-section-height-default\" data-id=\"3756710\" data-element_type=\"section\" data-settings=\"{&quot;background_background&quot;:&quot;classic&quot;,&quot;_ha_eqh_enable&quot;:false}\">\n\t\t\t\t\t\t<div class=\"elementor-container elementor-column-gap-no\">\n\t\t\t\t\t<div class=\"elementor-column elementor-col-100 elementor-top-column elementor-element elementor-element-fcc35aa\" data-id=\"fcc35aa\" data-element_type=\"column\">\n\t\t\t<div class=\"elementor-widget-wrap elementor-element-populated\">\n\t\t\t\t\t\t<section class=\"elementor-section elementor-inner-section elementor-element elementor-element-8dfb147 elementor-section-full_width elementor-section-height-default elementor-section-height-default\" data-id=\"8dfb147\" data-element_type=\"section\" data-settings=\"{&quot;_ha_eqh_enable&quot;:false}\">\n\t\t\t\t\t\t<div class=\"elementor-container elementor-column-gap-no\">\n\t\t\t\t\t<div class=\"elementor-column elementor-col-50 elementor-inner-column elementor-element elementor-element-6bec2e4\" data-id=\"6bec2e4\" data-element_type=\"column\">\n\t\t\t<div class=\"elementor-widget-wrap elementor-element-populated\">\n\t\t\t\t\t\t<div class=\"elementor-element elementor-element-ad607ba elementor-absolute elementor-widget elementor-widget-image\" data-id=\"ad607ba\" data-element_type=\"widget\" data-settings=\"{&quot;_position&quot;:&quot;absolute&quot;}\" data-widget_type=\"image.default\">\n\t\t\t\t<div class=\"elementor-widget-container\">\n\t\t\t\t\t\t\t\t\t\t\t\t\t\t\t<img fetchpriority=\"high\" decoding=\"async\" width=\"938\" height=\"1004\" src=\"https:\/\/www.bulksolids.tech\/wp-content\/uploads\/2026\/02\/Ellipse-279.png\" class=\"attachment-full size-full wp-image-1083\" alt=\"RETTAR Academy - \u0111o kh\u1ed1i l\u01b0\u1ee3ng silo 3D \u4e28 RETTAR\" srcset=\"https:\/\/www.bulksolids.tech\/wp-content\/uploads\/2026\/02\/Ellipse-279.png 938w, https:\/\/www.bulksolids.tech\/wp-content\/uploads\/2026\/02\/Ellipse-279-280x300.png 280w, https:\/\/www.bulksolids.tech\/wp-content\/uploads\/2026\/02\/Ellipse-279-768x822.png 768w, https:\/\/www.bulksolids.tech\/wp-content\/uploads\/2026\/02\/Ellipse-279-11x12.png 11w\" sizes=\"(max-width: 938px) 100vw, 938px\" \/>\t\t\t\t\t\t\t\t\t\t\t\t\t\t\t<\/div>\n\t\t\t\t<\/div>\n\t\t\t\t\t<\/div>\n\t\t<\/div>\n\t\t\t\t<div class=\"elementor-column elementor-col-50 elementor-inner-column elementor-element elementor-element-7c2ecd7\" data-id=\"7c2ecd7\" data-element_type=\"column\">\n\t\t\t<div class=\"elementor-widget-wrap elementor-element-populated\">\n\t\t\t\t\t\t<div class=\"elementor-element elementor-element-8ff03a7 elementor-absolute elementor-widget elementor-widget-image\" data-id=\"8ff03a7\" data-element_type=\"widget\" data-settings=\"{&quot;_position&quot;:&quot;absolute&quot;}\" data-widget_type=\"image.default\">\n\t\t\t\t<div class=\"elementor-widget-container\">\n\t\t\t\t\t\t\t\t\t\t\t\t\t\t\t<img decoding=\"async\" width=\"988\" height=\"1023\" src=\"https:\/\/www.bulksolids.tech\/wp-content\/uploads\/2026\/02\/Ellipse-278.png\" class=\"attachment-full size-full wp-image-1084\" alt=\"RETTAR Academy - \u0111o kh\u1ed1i l\u01b0\u1ee3ng silo 3D \u4e28 RETTAR\" srcset=\"https:\/\/www.bulksolids.tech\/wp-content\/uploads\/2026\/02\/Ellipse-278.png 988w, https:\/\/www.bulksolids.tech\/wp-content\/uploads\/2026\/02\/Ellipse-278-290x300.png 290w, https:\/\/www.bulksolids.tech\/wp-content\/uploads\/2026\/02\/Ellipse-278-768x795.png 768w, https:\/\/www.bulksolids.tech\/wp-content\/uploads\/2026\/02\/Ellipse-278-12x12.png 12w\" sizes=\"(max-width: 988px) 100vw, 988px\" \/>\t\t\t\t\t\t\t\t\t\t\t\t\t\t\t<\/div>\n\t\t\t\t<\/div>\n\t\t\t\t\t<\/div>\n\t\t<\/div>\n\t\t\t\t\t<\/div>\n\t\t<\/section>\n\t\t\t\t<section class=\"elementor-section elementor-inner-section elementor-element elementor-element-1d7a2e2 elementor-section-full_width elementor-section-height-default elementor-section-height-default\" data-id=\"1d7a2e2\" data-element_type=\"section\" data-settings=\"{&quot;_ha_eqh_enable&quot;:false}\">\n\t\t\t\t\t\t<div class=\"elementor-container elementor-column-gap-default\">\n\t\t\t\t\t<div class=\"elementor-column elementor-col-100 elementor-inner-column elementor-element elementor-element-136cb30\" data-id=\"136cb30\" data-element_type=\"column\">\n\t\t\t<div class=\"elementor-widget-wrap elementor-element-populated\">\n\t\t\t\t\t\t<div class=\"elementor-element elementor-element-ce106c4 elementor-widget elementor-widget-heading\" data-id=\"ce106c4\" data-element_type=\"widget\" data-widget_type=\"heading.default\">\n\t\t\t\t<div class=\"elementor-widget-container\">\n\t\t\t\t\t<h1 class=\"elementor-heading-title elementor-size-default\">H\u1ecdc vi\u1ec7n RETTAR<\/h1>\t\t\t\t<\/div>\n\t\t\t\t<\/div>\n\t\t\t\t<div class=\"elementor-element elementor-element-a15e987 elementor-widget elementor-widget-text-editor\" data-id=\"a15e987\" data-element_type=\"widget\" data-widget_type=\"text-editor.default\">\n\t\t\t\t<div class=\"elementor-widget-container\">\n\t\t\t\t\t\t\t\t\t<p>N\u1eafm v\u1eefng \u0111\u1ed9 ch\u00ednh x\u00e1c 3D th\u00f4ng qua c\u00e1c h\u01b0\u1edbng d\u1eabn video to\u00e0n di\u1ec7n,<br \/>installation guides, and software walkthroughs.<\/p>\t\t\t\t\t\t\t\t<\/div>\n\t\t\t\t<\/div>\n\t\t\t\t<div class=\"elementor-element elementor-element-97cd498 elementor-widget elementor-widget-image\" data-id=\"97cd498\" data-element_type=\"widget\" data-widget_type=\"image.default\">\n\t\t\t\t<div class=\"elementor-widget-container\">\n\t\t\t\t\t\t\t\t\t\t\t\t\t\t\t<img decoding=\"async\" width=\"85\" height=\"53\" src=\"https:\/\/www.bulksolids.tech\/wp-content\/uploads\/2026\/02\/Vector-2744.png\" class=\"attachment-large size-large wp-image-1080\" alt=\"RETTAR Academy - \u0111o kh\u1ed1i l\u01b0\u1ee3ng silo 3D \u4e28 RETTAR\" srcset=\"https:\/\/www.bulksolids.tech\/wp-content\/uploads\/2026\/02\/Vector-2744.png 85w, https:\/\/www.bulksolids.tech\/wp-content\/uploads\/2026\/02\/Vector-2744-18x12.png 18w\" sizes=\"(max-width: 85px) 100vw, 85px\" \/>\t\t\t\t\t\t\t\t\t\t\t\t\t\t\t<\/div>\n\t\t\t\t<\/div>\n\t\t\t\t<div class=\"elementor-element elementor-element-787200d elementor-widget elementor-widget-image\" data-id=\"787200d\" data-element_type=\"widget\" data-widget_type=\"image.default\">\n\t\t\t\t<div class=\"elementor-widget-container\">\n\t\t\t\t\t\t\t\t\t\t\t\t\t\t\t<img loading=\"lazy\" decoding=\"async\" width=\"86\" height=\"54\" src=\"https:\/\/www.bulksolids.tech\/wp-content\/uploads\/2026\/02\/Vector-2745.png\" class=\"attachment-large size-large wp-image-1081\" alt=\"RETTAR Academy - \u0111o kh\u1ed1i l\u01b0\u1ee3ng silo 3D \u4e28 RETTAR\" srcset=\"https:\/\/www.bulksolids.tech\/wp-content\/uploads\/2026\/02\/Vector-2745.png 86w, https:\/\/www.bulksolids.tech\/wp-content\/uploads\/2026\/02\/Vector-2745-18x12.png 18w\" sizes=\"(max-width: 86px) 100vw, 86px\" \/>\t\t\t\t\t\t\t\t\t\t\t\t\t\t\t<\/div>\n\t\t\t\t<\/div>\n\t\t\t\t<div class=\"elementor-element elementor-element-a1b1c05 elementor-widget elementor-widget-image\" data-id=\"a1b1c05\" data-element_type=\"widget\" data-widget_type=\"image.default\">\n\t\t\t\t<div class=\"elementor-widget-container\">\n\t\t\t\t\t\t\t\t\t\t\t\t\t\t\t<img loading=\"lazy\" decoding=\"async\" width=\"85\" height=\"53\" src=\"https:\/\/www.bulksolids.tech\/wp-content\/uploads\/2026\/02\/Vector-2746.png\" class=\"attachment-large size-large wp-image-1082\" alt=\"RETTAR Academy - \u0111o kh\u1ed1i l\u01b0\u1ee3ng silo 3D \u4e28 RETTAR\" srcset=\"https:\/\/www.bulksolids.tech\/wp-content\/uploads\/2026\/02\/Vector-2746.png 85w, https:\/\/www.bulksolids.tech\/wp-content\/uploads\/2026\/02\/Vector-2746-18x12.png 18w\" sizes=\"(max-width: 85px) 100vw, 85px\" \/>\t\t\t\t\t\t\t\t\t\t\t\t\t\t\t<\/div>\n\t\t\t\t<\/div>\n\t\t\t\t\t<\/div>\n\t\t<\/div>\n\t\t\t\t\t<\/div>\n\t\t<\/section>\n\t\t\t\t<section class=\"elementor-section elementor-inner-section elementor-element elementor-element-743f45f elementor-section-boxed elementor-section-height-default elementor-section-height-default\" data-id=\"743f45f\" data-element_type=\"section\" data-settings=\"{&quot;_ha_eqh_enable&quot;:false}\">\n\t\t\t\t\t\t<div class=\"elementor-container elementor-column-gap-default\">\n\t\t\t\t\t<div class=\"elementor-column elementor-col-100 elementor-inner-column elementor-element elementor-element-d934e7b\" data-id=\"d934e7b\" data-element_type=\"column\">\n\t\t\t<div class=\"elementor-widget-wrap elementor-element-populated\">\n\t\t\t\t\t\t<div class=\"elementor-element elementor-element-f250872 elementor-widget elementor-widget-shortcode\" data-id=\"f250872\" data-element_type=\"widget\" data-widget_type=\"shortcode.default\">\n\t\t\t\t<div class=\"elementor-widget-container\">\n\t\t\t\t\t\t\t<div class=\"elementor-shortcode\">    <div class=\"cusRettarAcademyPostsWrap\"\r\n         data-cus-posts-per-page=\"6\"\r\n         data-cus-post-type=\"post\"\r\n         data-cus-orderby=\"date\"\r\n         data-cus-order=\"DESC\">\r\n\r\n        <div class=\"cusRettarAcademyPostsContent\">\r\n                    <div class=\"cusRettarAcademyPostsGrid\">\r\n                                            <article class=\"cusRettarAcademyPostItem\">\r\n                    <div class=\"cusRettarAcademyPostMain\">\r\n                                                                                    <div class=\"cusRettarAcademyPostMedia cusRettarAcademyPostVideo\">\r\n                                    <video controls width=\"100%\" height=\"auto\" preload=\"metadata\">\r\n                                        <source src=\"https:\/\/www.bulksolids.tech\/wp-content\/uploads\/2026\/03\/9578b75807d92130ba36bbb77338649a.mp4\" type=\"video\/mp4\">\r\n                                        \u60a8\u7684\u6d4f\u89c8\u5668\u4e0d\u652f\u6301\u89c6\u9891\u64ad\u653e\u3002\r\n                                    <\/video>\r\n                                <\/div>\r\n                                                        \r\n                                                    <div class=\"cusRettarAcademyCaseTagWrap\">\r\n                                                                    <span class=\"cusRettarAcademyCaseTag\">\r\n                                        Qu\u1ea3n l\u00fd v\u1eadt li\u1ec7u s\u1ed1 l\u01b0\u1ee3ng l\u1edbn                                    <\/span>\r\n                                                                    <span class=\"cusRettarAcademyCaseTag\">\r\n                                        T\u00e0i khoa\u0110\u1ed9 ch\u00ednh x\u00e1c                                    <\/span>\r\n                                                                    <span class=\"cusRettarAcademyCaseTag\">\r\n                                        SiloT\u00ednh minh b\u1ea1ch                                    <\/span>\r\n                                                            <\/div>\r\n                        \r\n                        <div class=\"cusRettarAcademyPostBody\">\r\n \u00a0 \u00a0 \u00a0 \u00a0 \u00a0 \u00a0 \u00a0 \u00a0 \u00a0 \u00a0 \u00a0 \u00a0 \u00a0 \u00a0<p class=\"cusRettarAcademyPostTitle\">\r\n\t\t\t\t\t\t\t\t\t\t\t\tS\u1ef1 minh b\u1ea1ch c\u1ee7a Silo: D\u1eebng \u0111o\u00e1n. B\u1eaft \u0111\u1ea7u qu\u1ea3n l\u00fd.<!--                                 <a href=\"https:\/\/www.bulksolids.tech\/vi\/silo-transparency-stop-guessing-start-managing\/\"><\/a> -->\r\n                            <\/p>\r\n                        <\/div>\r\n                    <\/div>\r\n                <\/article>\r\n                                            <article class=\"cusRettarAcademyPostItem\">\r\n                    <div class=\"cusRettarAcademyPostMain\">\r\n                                                                                    <div class=\"cusRettarAcademyPostMedia cusRettarAcademyPostVideo\">\r\n                                    <video controls width=\"100%\" height=\"auto\" preload=\"metadata\">\r\n                                        <source src=\"https:\/\/www.bulksolids.tech\/wp-content\/uploads\/2026\/03\/d4416d75b68925c1f76b153783e10987.mp4\" type=\"video\/mp4\">\r\n                                        \u60a8\u7684\u6d4f\u89c8\u5668\u4e0d\u652f\u6301\u89c6\u9891\u64ad\u653e\u3002\r\n                                    <\/video>\r\n                                <\/div>\r\n                                                        \r\n                                                    <div class=\"cusRettarAcademyCaseTagWrap\">\r\n                                                                    <span class=\"cusRettarAcademyCaseTag\">\r\n                                        B\u1ea3o tr\u00ec mi\u1ec5n ph\u00ed                                    <\/span>\r\n                                                                    <span class=\"cusRettarAcademyCaseTag\">\r\n                                        \u0110o l\u01b0\u1eddng kh\u00f4ng li\u00ean l\u1ea1c                                    <\/span>\r\n                                                                    <span class=\"cusRettarAcademyCaseTag\">\r\n                                        C\u1ea3m bi\u1ebfn m\u1ea1nh m\u1ebd                                    <\/span>\r\n                                                            <\/div>\r\n                        \r\n                        <div class=\"cusRettarAcademyPostBody\">\r\n \u00a0 \u00a0 \u00a0 \u00a0 \u00a0 \u00a0 \u00a0 \u00a0 \u00a0 \u00a0 \u00a0 \u00a0 \u00a0 \u00a0<p class=\"cusRettarAcademyPostTitle\">\r\n\t\t\t\t\t\t\t\t\t\t\t\tMi\u1ec5n b\u1ea3o tr\u00ec: Gi\u1ea3i ph\u00e1p 3D \u0111\u00e1ng tin c\u1eady cho m\u00f4i tr\u01b0\u1eddng v\u1eefng ch\u1eafc<!--                                 <a href=\"https:\/\/www.bulksolids.tech\/vi\/maintenance-free-reliable-3d-solutions-for-rugged-environments\/\"><\/a> -->\r\n                            <\/p>\r\n                        <\/div>\r\n                    <\/div>\r\n                <\/article>\r\n                    <\/div>\r\n\r\n                    <div class=\"cusRettarAcademyPaginationWrap\">\r\n                <div class=\"cusRettarAcademyPaginationTotal\">\r\n                    <span>T\u1ed5ng c\u1ed9ng 2<\/span>\r\n                <\/div>\r\n\r\n                <div class=\"cusRettarAcademyPaginationPerPage\">\r\n                    <select class=\"cusRettarAcademyPaginationPerPageSelect\">\r\n                        <option value=\"3\" >3\/Trang<\/option>\r\n                        <option value=\"6\"  selected='selected'>6\/Trang<\/option>\r\n                        <option value=\"9\" >9\/Trang<\/option>\r\n                        <option value=\"12\" >12\/Trang<\/option>\r\n                    <\/select>\r\n                <\/div>\r\n\r\n                <div class=\"cusRettarAcademyPaginationPages\">\r\n                    <span class=\"page-numbers prev cusDisabled\">&lt;<\/span><span class=\"page-numbers next cusDisabled\">&gt;<\/span>                <\/div>\r\n\r\n                <div class=\"cusRettarAcademyPaginationGoTo\">\r\n                    <span>\u0110i \u0111\u1ebfn<\/span>\r\n                    <input\r\n                        type=\"text\"\r\n                        inputmode=\"numeric\"\r\n                        pattern=\"[0-9]*\"\r\n                        class=\"cusRettarAcademyPaginationGoToInput\"\r\n                        value=\"1\"\r\n                        max=\"1\"\r\n                    \/>\r\n                <\/div>\r\n            <\/div>\r\n                    <\/div>\r\n    <\/div>\r\n    <\/div>\n\t\t\t\t\t\t<\/div>\n\t\t\t\t<\/div>\n\t\t\t\t\t<\/div>\n\t\t<\/div>\n\t\t\t\t\t<\/div>\n\t\t<\/section>\n\t\t\t\t\t<\/div>\n\t\t<\/div>\n\t\t\t\t\t<\/div>\n\t\t<\/section>\n\t\t\t\t<\/div>","protected":false},"excerpt":{"rendered":"<p>RETTAR Academy Mastering 3D precision through comprehensive video tutorials,installation guides, and software walkthroughs.<\/p>","protected":false},"author":1,"featured_media":0,"parent":644,"menu_order":0,"comment_status":"closed","ping_status":"closed","template":"elementor_header_footer","meta":{"footnotes":""},"class_list":["post-746","page","type-page","status-publish","hentry"],"acf":[],"_links":{"self":[{"href":"https:\/\/www.bulksolids.tech\/vi\/wp-json\/wp\/v2\/pages\/746","targetHints":{"allow":["GET"]}}],"collection":[{"href":"https:\/\/www.bulksolids.tech\/vi\/wp-json\/wp\/v2\/pages"}],"about":[{"href":"https:\/\/www.bulksolids.tech\/vi\/wp-json\/wp\/v2\/types\/page"}],"author":[{"embeddable":true,"href":"https:\/\/www.bulksolids.tech\/vi\/wp-json\/wp\/v2\/users\/1"}],"replies":[{"embeddable":true,"href":"https:\/\/www.bulksolids.tech\/vi\/wp-json\/wp\/v2\/comments?post=746"}],"version-history":[{"count":0,"href":"https:\/\/www.bulksolids.tech\/vi\/wp-json\/wp\/v2\/pages\/746\/revisions"}],"up":[{"embeddable":true,"href":"https:\/\/www.bulksolids.tech\/vi\/wp-json\/wp\/v2\/pages\/644"}],"wp:attachment":[{"href":"https:\/\/www.bulksolids.tech\/vi\/wp-json\/wp\/v2\/media?parent=746"}],"curies":[{"name":"wp","href":"https:\/\/api.w.org\/{rel}","templated":true}]}}