{"id":663,"date":"2026-02-01T19:40:12","date_gmt":"2026-02-01T11:40:12","guid":{"rendered":"https:\/\/www.bulksolids.tech\/?page_id=663"},"modified":"2026-03-03T15:14:12","modified_gmt":"2026-03-03T07:14:12","slug":"general-terms-and-conditions","status":"publish","type":"page","link":"https:\/\/www.bulksolids.tech\/pt\/general-terms-and-conditions\/","title":{"rendered":"Condi\u00e7\u00f5es Gerais"},"content":{"rendered":"<div data-elementor-type=\"wp-page\" data-elementor-id=\"663\" class=\"elementor elementor-663\" data-elementor-settings=\"{&quot;ha_cmc_init_switcher&quot;:&quot;no&quot;}\" data-elementor-post-type=\"page\">\n\t\t\t\t\t\t<section class=\"elementor-section elementor-top-section elementor-element elementor-element-26881af elementor-section-full_width elementor-section-height-default elementor-section-height-default\" data-id=\"26881af\" data-element_type=\"section\" data-settings=\"{&quot;background_background&quot;:&quot;classic&quot;,&quot;_ha_eqh_enable&quot;:false}\">\n\t\t\t\t\t\t<div class=\"elementor-container elementor-column-gap-no\">\n\t\t\t\t\t<div class=\"elementor-column elementor-col-100 elementor-top-column elementor-element elementor-element-d3fa395\" data-id=\"d3fa395\" data-element_type=\"column\">\n\t\t\t<div class=\"elementor-widget-wrap elementor-element-populated\">\n\t\t\t\t\t\t<section class=\"elementor-section elementor-inner-section elementor-element elementor-element-af5e8df elementor-section-full_width elementor-section-height-default elementor-section-height-default\" data-id=\"af5e8df\" data-element_type=\"section\" data-settings=\"{&quot;_ha_eqh_enable&quot;:false}\">\n\t\t\t\t\t\t<div class=\"elementor-container elementor-column-gap-no\">\n\t\t\t\t\t<div class=\"elementor-column elementor-col-50 elementor-inner-column elementor-element elementor-element-6371f4e\" data-id=\"6371f4e\" data-element_type=\"column\">\n\t\t\t<div class=\"elementor-widget-wrap elementor-element-populated\">\n\t\t\t\t\t\t<div class=\"elementor-element elementor-element-feea32d elementor-absolute elementor-widget elementor-widget-image\" data-id=\"feea32d\" data-element_type=\"widget\" data-settings=\"{&quot;_position&quot;:&quot;absolute&quot;}\" data-widget_type=\"image.default\">\n\t\t\t\t<div class=\"elementor-widget-container\">\n\t\t\t\t\t\t\t\t\t\t\t\t\t\t\t<img fetchpriority=\"high\" decoding=\"async\" width=\"938\" height=\"1004\" src=\"https:\/\/www.bulksolids.tech\/wp-content\/uploads\/2026\/02\/Ellipse-279.png\" class=\"attachment-full size-full wp-image-1083\" alt=\"General Terms and Conditions - 3D silo volume measurement\u4e28RETTAR\" srcset=\"https:\/\/www.bulksolids.tech\/wp-content\/uploads\/2026\/02\/Ellipse-279.png 938w, https:\/\/www.bulksolids.tech\/wp-content\/uploads\/2026\/02\/Ellipse-279-280x300.png 280w, https:\/\/www.bulksolids.tech\/wp-content\/uploads\/2026\/02\/Ellipse-279-768x822.png 768w, https:\/\/www.bulksolids.tech\/wp-content\/uploads\/2026\/02\/Ellipse-279-11x12.png 11w\" sizes=\"(max-width: 938px) 100vw, 938px\" \/>\t\t\t\t\t\t\t\t\t\t\t\t\t\t\t<\/div>\n\t\t\t\t<\/div>\n\t\t\t\t\t<\/div>\n\t\t<\/div>\n\t\t\t\t<div class=\"elementor-column elementor-col-50 elementor-inner-column elementor-element elementor-element-5fce747\" data-id=\"5fce747\" data-element_type=\"column\">\n\t\t\t<div class=\"elementor-widget-wrap elementor-element-populated\">\n\t\t\t\t\t\t<div class=\"elementor-element elementor-element-2d3fb86 elementor-absolute elementor-widget elementor-widget-image\" data-id=\"2d3fb86\" data-element_type=\"widget\" data-settings=\"{&quot;_position&quot;:&quot;absolute&quot;}\" data-widget_type=\"image.default\">\n\t\t\t\t<div class=\"elementor-widget-container\">\n\t\t\t\t\t\t\t\t\t\t\t\t\t\t\t<img decoding=\"async\" width=\"988\" height=\"1023\" src=\"https:\/\/www.bulksolids.tech\/wp-content\/uploads\/2026\/02\/Ellipse-278.png\" class=\"attachment-full size-full wp-image-1084\" alt=\"General Terms and Conditions - 3D silo volume measurement\u4e28RETTAR\" srcset=\"https:\/\/www.bulksolids.tech\/wp-content\/uploads\/2026\/02\/Ellipse-278.png 988w, https:\/\/www.bulksolids.tech\/wp-content\/uploads\/2026\/02\/Ellipse-278-290x300.png 290w, https:\/\/www.bulksolids.tech\/wp-content\/uploads\/2026\/02\/Ellipse-278-768x795.png 768w, https:\/\/www.bulksolids.tech\/wp-content\/uploads\/2026\/02\/Ellipse-278-12x12.png 12w\" sizes=\"(max-width: 988px) 100vw, 988px\" \/>\t\t\t\t\t\t\t\t\t\t\t\t\t\t\t<\/div>\n\t\t\t\t<\/div>\n\t\t\t\t\t<\/div>\n\t\t<\/div>\n\t\t\t\t\t<\/div>\n\t\t<\/section>\n\t\t\t\t<section class=\"elementor-section elementor-inner-section elementor-element elementor-element-f130484 elementor-section-boxed elementor-section-height-default elementor-section-height-default\" data-id=\"f130484\" data-element_type=\"section\" data-settings=\"{&quot;_ha_eqh_enable&quot;:false}\">\n\t\t\t\t\t\t<div class=\"elementor-container elementor-column-gap-default\">\n\t\t\t\t\t<div class=\"elementor-column elementor-col-100 elementor-inner-column elementor-element elementor-element-da00cc1\" data-id=\"da00cc1\" data-element_type=\"column\">\n\t\t\t<div class=\"elementor-widget-wrap elementor-element-populated\">\n\t\t\t\t\t\t<div class=\"elementor-element elementor-element-979a5dd elementor-widget elementor-widget-heading\" data-id=\"979a5dd\" data-element_type=\"widget\" data-widget_type=\"heading.default\">\n\t\t\t\t<div class=\"elementor-widget-container\">\n\t\t\t\t\t<h1 class=\"elementor-heading-title elementor-size-default\">Condi\u00e7\u00f5es Gerais<\/h1>\t\t\t\t<\/div>\n\t\t\t\t<\/div>\n\t\t\t\t<div class=\"elementor-element elementor-element-2e54755 elementor-widget elementor-widget-text-editor\" data-id=\"2e54755\" data-element_type=\"widget\" data-widget_type=\"text-editor.default\">\n\t\t\t\t<div class=\"elementor-widget-container\">\n\t\t\t\t\t\t\t\t\t<p>Em <a href=\"https:\/\/www.bulksolids.tech\/pt\/about-us\/\" data-internallinksmanager029f6b8e52c=\"13\" title=\"target=&quot;_blank&quot;\">RETTAR<\/a>n\u00f3s estamos comprometidos a proteger sua privacidade e salvaguardar<br \/>seus dados pessoais. Essa Pol\u00edtica de Privacidade explica como coletamos, usamos, armazenamos e protegemos<br \/>a informa\u00e7\u00e3o que voc\u00ea fornece quando usa nosso site ou interage com nossos servi\u00e7os.<\/p>\t\t\t\t\t\t\t\t<\/div>\n\t\t\t\t<\/div>\n\t\t\t\t<div class=\"elementor-element elementor-element-3f5b6d3 elementor-widget-divider--view-line elementor-widget elementor-widget-divider\" data-id=\"3f5b6d3\" data-element_type=\"widget\" data-widget_type=\"divider.default\">\n\t\t\t\t<div class=\"elementor-widget-container\">\n\t\t\t\t\t\t\t<div class=\"elementor-divider\">\n\t\t\t<span class=\"elementor-divider-separator\">\n\t\t\t\t\t\t<\/span>\n\t\t<\/div>\n\t\t\t\t\t\t<\/div>\n\t\t\t\t<\/div>\n\t\t\t\t\t<\/div>\n\t\t<\/div>\n\t\t\t\t\t<\/div>\n\t\t<\/section>\n\t\t\t\t<section class=\"elementor-section elementor-inner-section elementor-element elementor-element-c4ff779 elementor-section-boxed elementor-section-height-default elementor-section-height-default\" data-id=\"c4ff779\" data-element_type=\"section\" data-settings=\"{&quot;_ha_eqh_enable&quot;:false}\">\n\t\t\t\t\t\t<div class=\"elementor-container elementor-column-gap-default\">\n\t\t\t\t\t<div class=\"elementor-column elementor-col-100 elementor-inner-column elementor-element elementor-element-9a15027\" data-id=\"9a15027\" data-element_type=\"column\">\n\t\t\t<div class=\"elementor-widget-wrap elementor-element-populated\">\n\t\t\t\t\t\t<div class=\"elementor-element elementor-element-1332eae elementor-widget elementor-widget-heading\" data-id=\"1332eae\" data-element_type=\"widget\" data-widget_type=\"heading.default\">\n\t\t\t\t<div class=\"elementor-widget-container\">\n\t\t\t\t\t<h2 class=\"elementor-heading-title elementor-size-default\">1. Aceita\u00e7\u00e3o de Termos<\/h2>\t\t\t\t<\/div>\n\t\t\t\t<\/div>\n\t\t\t\t<div class=\"elementor-element elementor-element-e5f85cd elementor-widget elementor-widget-text-editor\" data-id=\"e5f85cd\" data-element_type=\"widget\" data-widget_type=\"text-editor.default\">\n\t\t\t\t<div class=\"elementor-widget-container\">\n\t\t\t\t\t\t\t\t\t<p>Usando o site ou servi\u00e7os do RETTAR, voc\u00ea concorda em cumprir e estar vinculado por estes Termos e Condi\u00e7\u00f5es Gerais. Se voc\u00ea n\u00e3o concordar com esses termos, voc\u00ea deve se abster de usar nosso site ou servi\u00e7os. Esses termos podem ser atualizados de vez em quando, e \u00e9 sua responsabilidade revis\u00e1-los periodicamente.<\/p>\t\t\t\t\t\t\t\t<\/div>\n\t\t\t\t<\/div>\n\t\t\t\t<div class=\"elementor-element elementor-element-cccf89f elementor-widget elementor-widget-spacer\" data-id=\"cccf89f\" data-element_type=\"widget\" data-widget_type=\"spacer.default\">\n\t\t\t\t<div class=\"elementor-widget-container\">\n\t\t\t\t\t\t\t<div class=\"elementor-spacer\">\n\t\t\t<div class=\"elementor-spacer-inner\"><\/div>\n\t\t<\/div>\n\t\t\t\t\t\t<\/div>\n\t\t\t\t<\/div>\n\t\t\t\t<div class=\"elementor-element elementor-element-e01e07c elementor-widget elementor-widget-heading\" data-id=\"e01e07c\" data-element_type=\"widget\" data-widget_type=\"heading.default\">\n\t\t\t\t<div class=\"elementor-widget-container\">\n\t\t\t\t\t<h2 class=\"elementor-heading-title elementor-size-default\">2. Termos de venda (para compras)<\/h2>\t\t\t\t<\/div>\n\t\t\t\t<\/div>\n\t\t\t\t<div class=\"elementor-element elementor-element-d819637 elementor-widget elementor-widget-text-editor\" data-id=\"d819637\" data-element_type=\"widget\" data-widget_type=\"text-editor.default\">\n\t\t\t\t<div class=\"elementor-widget-container\">\n\t\t\t\t\t\t\t\t\t<p>2.1 Produtos e Servi\u00e7os<br \/>N\u00f3s fornecemos uma ampla gama de produtos industriais de medi\u00e7\u00e3o e controle, incluindo mas n\u00e3o limitados a <a href=\"https:\/\/www.bulksolids.tech\/pt\/\" data-internallinksmanager029f6b8e52c=\"8\" title=\"target=&quot;_blank&quot;\">transmissores de n\u00edvel radar<\/a>scanners laser e sistemas de monitoramento. - Disponibilidade de produtos, pre\u00e7os e especifica\u00e7\u00f5es podem variar e est\u00e3o sujeitos a mudan\u00e7as.<\/p><p>2.2 Confirma\u00e7\u00e3o da ordem<br \/>Depois de colocar uma encomenda atrav\u00e9s do nosso site ou atrav\u00e9s de um representante de vendas, voc\u00ea ir\u00e1 receber uma confirma\u00e7\u00e3o de encomenda atrav\u00e9s do email. A ordem \u00e9 considerada confirmada uma vez que o pagamento \u00e9 processado e o produto \u00e9 enviado ou servi\u00e7o \u00e9 entregado.<\/p><p>2.3 Transporte e entrega<br \/>Os hor\u00e1rios e tarifas de entrega dependem do destino, tipo de produto e m\u00e9todo de transporte escolhido. Qualquer atraso na entrega devido a fatores fora do nosso control e (por exemplo, aduaneiros, tempo ou atrasos de corredores de terceiros) n\u00e3o ser\u00e1 nossa responsabilidade.<\/p><p>2.4 Condi\u00e7\u00f5es de pagamento<br \/>Os pagamentos por produtos e servi\u00e7os devem ser feitos de acordo com o m\u00e9todo de pagamento acordado no momento da compra. Aceitamos grandes cart\u00f5es de cr\u00e9dito, transfer\u00eancias banc\u00e1rias e outros m\u00e9todos de pagamento seguros. Os pre\u00e7os s\u00e3o indicados na moeda acordada no momento da compra.<\/p><p>2.5 Impostos e Dados<br \/>Todas as vendas s \u00e3o sujeitas a impostos e direitos aplic\u00e1veis na jurisdi\u00e7\u00e3o do comprador. O comprador \u00e9 respons\u00e1vel por qualquer imposto adicional, direito ou taxa aduaneira associada \u00e0 compra e entrega de produtos.<\/p><p>2.6 Retornos e Retornos<br \/>Oferecemos uma pol\u00edtica de retorno e restitui\u00e7\u00e3o de produtos defeitos dentro de 30 dias a contar da data de entrega, desde que o produto esteja em sua condi\u00e7\u00e3o original e embalagem. - Os retornos s\u00e3o sujeitos a inspec\u00e7\u00e3o, e pode ser aplicada uma taxa de reposi\u00e7\u00e3o. - Produtos fabricados em car\u00e1cter aduaneiro n\u00e3o podem ser devolvidos a menos que sejam defeitos.<\/p>\t\t\t\t\t\t\t\t<\/div>\n\t\t\t\t<\/div>\n\t\t\t\t<div class=\"elementor-element elementor-element-f18a720 elementor-widget elementor-widget-spacer\" data-id=\"f18a720\" data-element_type=\"widget\" data-widget_type=\"spacer.default\">\n\t\t\t\t<div class=\"elementor-widget-container\">\n\t\t\t\t\t\t\t<div class=\"elementor-spacer\">\n\t\t\t<div class=\"elementor-spacer-inner\"><\/div>\n\t\t<\/div>\n\t\t\t\t\t\t<\/div>\n\t\t\t\t<\/div>\n\t\t\t\t<div class=\"elementor-element elementor-element-39739bb elementor-widget elementor-widget-heading\" data-id=\"39739bb\" data-element_type=\"widget\" data-widget_type=\"heading.default\">\n\t\t\t\t<div class=\"elementor-widget-container\">\n\t\t\t\t\t<h2 class=\"elementor-heading-title elementor-size-default\">3. Condi\u00e7\u00f5es de compra (para Servi\u00e7os)<\/h2>\t\t\t\t<\/div>\n\t\t\t\t<\/div>\n\t\t\t\t<div class=\"elementor-element elementor-element-9f924c4 elementor-widget elementor-widget-text-editor\" data-id=\"9f924c4\" data-element_type=\"widget\" data-widget_type=\"text-editor.default\">\n\t\t\t\t<div class=\"elementor-widget-container\">\n\t\t\t\t\t\t\t\t\t<p>3.1 Contratos de Servi\u00e7o<br \/>Para servi\u00e7os como instala\u00e7\u00e3o, suporte ou manuten\u00e7\u00e3o, ser\u00e1 fornecido um contrato de servi\u00e7o, especificando o \u00e2mbito de aplica\u00e7\u00e3o, hor\u00e1rios, taxas e entregas. Qualquer altera\u00e7\u00e3o das condi\u00e7\u00f5es do contrato requerer\u00e1 acordo m\u00fatuo.<br \/><br \/>3.2 Disponibilidade de servi\u00e7os<br \/>Os servi\u00e7os s\u00e3o fornecidos com base na disponibilidade e s\u00e3o sujeitos a restri\u00e7\u00f5es de recursos e programa\u00e7\u00e3o. N\u00f3s vamos notificar qualquer atraso ou cancelamento esperado na presta\u00e7\u00e3o de servi\u00e7os.<br \/><br \/>3.3 Mandata de Servi\u00e7o<br \/>Os servi\u00e7os s\u00e3o cobertos por uma garantia que garante as entregas especificadas como descritas no contrato de servi\u00e7o. Qualquer defeito ou quest\u00e3o resultante de nossos servi\u00e7os ser\u00e1 corrigido sem custo adicional, sujeito aos termos do acordo de servi\u00e7o.<\/p>\t\t\t\t\t\t\t\t<\/div>\n\t\t\t\t<\/div>\n\t\t\t\t<div class=\"elementor-element elementor-element-07ecaa3 elementor-widget elementor-widget-spacer\" data-id=\"07ecaa3\" data-element_type=\"widget\" data-widget_type=\"spacer.default\">\n\t\t\t\t<div class=\"elementor-widget-container\">\n\t\t\t\t\t\t\t<div class=\"elementor-spacer\">\n\t\t\t<div class=\"elementor-spacer-inner\"><\/div>\n\t\t<\/div>\n\t\t\t\t\t\t<\/div>\n\t\t\t\t<\/div>\n\t\t\t\t<div class=\"elementor-element elementor-element-6cd1d5d elementor-widget elementor-widget-heading\" data-id=\"6cd1d5d\" data-element_type=\"widget\" data-widget_type=\"heading.default\">\n\t\t\t\t<div class=\"elementor-widget-container\">\n\t\t\t\t\t<h2 class=\"elementor-heading-title elementor-size-default\">4. Limita\u00e7\u00e3o da responsabilidade<\/h2>\t\t\t\t<\/div>\n\t\t\t\t<\/div>\n\t\t\t\t<div class=\"elementor-element elementor-element-9798a15 elementor-widget elementor-widget-text-editor\" data-id=\"9798a15\" data-element_type=\"widget\" data-widget_type=\"text-editor.default\">\n\t\t\t\t<div class=\"elementor-widget-container\">\n\t\t\t\t\t\t\t\t\t<p>4.1 Danos indiretos e consequ\u00eanciais<br \/>RETTAR n\u00e3o ser\u00e1 respons\u00e1vel por nenhum dano indireto, especial ou consequ\u00eancial resultante do uso de nossos produtos ou servi\u00e7os. Isto inclui, mas n\u00e3o est\u00e1 limitado a perda de lucro, interrup\u00e7\u00e3o de neg\u00f3cios ou danos \u00e0 reputa\u00e7\u00e3o.<br \/><br \/>4.2 Limite de responsabilidade<br \/>Nossa responsabilidade, seja em contrato, tortura ou de outro modo, ser\u00e1 limitada ao montante pago por voc\u00ea pelo produto ou servi\u00e7o que causou a responsabilidade.<\/p>\t\t\t\t\t\t\t\t<\/div>\n\t\t\t\t<\/div>\n\t\t\t\t<div class=\"elementor-element elementor-element-0d15edc elementor-widget elementor-widget-spacer\" data-id=\"0d15edc\" data-element_type=\"widget\" data-widget_type=\"spacer.default\">\n\t\t\t\t<div class=\"elementor-widget-container\">\n\t\t\t\t\t\t\t<div class=\"elementor-spacer\">\n\t\t\t<div class=\"elementor-spacer-inner\"><\/div>\n\t\t<\/div>\n\t\t\t\t\t\t<\/div>\n\t\t\t\t<\/div>\n\t\t\t\t<div class=\"elementor-element elementor-element-a0ef166 elementor-widget elementor-widget-heading\" data-id=\"a0ef166\" data-element_type=\"widget\" data-widget_type=\"heading.default\">\n\t\t\t\t<div class=\"elementor-widget-container\">\n\t\t\t\t\t<h2 class=\"elementor-heading-title elementor-size-default\">5. Privacidade e Prote\u00e7\u00e3o de Dados<\/h2>\t\t\t\t<\/div>\n\t\t\t\t<\/div>\n\t\t\t\t<div class=\"elementor-element elementor-element-4f71c78 elementor-widget elementor-widget-text-editor\" data-id=\"4f71c78\" data-element_type=\"widget\" data-widget_type=\"text-editor.default\">\n\t\t\t\t<div class=\"elementor-widget-container\">\n\t\t\t\t\t\t\t\t\t<p>Estamos comprometidos a proteger sua informa\u00e7\u00e3o pessoal. Nossa Pol\u00edtica de Privacidade descreve como coletamos, armazenamos e processamos dados em conformidade com as leis aplic\u00e1veis, incluindo a DPRG, a CCPA e outras regras internacionais de prote\u00e7\u00e3o de dados.<\/p>\t\t\t\t\t\t\t\t<\/div>\n\t\t\t\t<\/div>\n\t\t\t\t<div class=\"elementor-element elementor-element-264512e elementor-widget elementor-widget-spacer\" data-id=\"264512e\" data-element_type=\"widget\" data-widget_type=\"spacer.default\">\n\t\t\t\t<div class=\"elementor-widget-container\">\n\t\t\t\t\t\t\t<div class=\"elementor-spacer\">\n\t\t\t<div class=\"elementor-spacer-inner\"><\/div>\n\t\t<\/div>\n\t\t\t\t\t\t<\/div>\n\t\t\t\t<\/div>\n\t\t\t\t<div class=\"elementor-element elementor-element-c5803bb elementor-widget elementor-widget-heading\" data-id=\"c5803bb\" data-element_type=\"widget\" data-widget_type=\"heading.default\">\n\t\t\t\t<div class=\"elementor-widget-container\">\n\t\t\t\t\t<h2 class=\"elementor-heading-title elementor-size-default\">6. Propriedade intelectual<\/h2>\t\t\t\t<\/div>\n\t\t\t\t<\/div>\n\t\t\t\t<div class=\"elementor-element elementor-element-516b54a elementor-widget elementor-widget-text-editor\" data-id=\"516b54a\" data-element_type=\"widget\" data-widget_type=\"text-editor.default\">\n\t\t\t\t<div class=\"elementor-widget-container\">\n\t\t\t\t\t\t\t\t\t<p>Todo o conte\u00fado em nosso site, incluindo descri\u00e7\u00f5es de produtos, logos, marcas e software, \u00e9 a propriedade intelectual do RETTAR ou seus parceiros e \u00e9 protegido pelas leis de direitos de autor. Voc\u00ea pode n\u00e3o reproduzir, distribuir ou usar esse conte\u00fado sem nossa autoriza\u00e7\u00e3o expl\u00edcita.<\/p>\t\t\t\t\t\t\t\t<\/div>\n\t\t\t\t<\/div>\n\t\t\t\t<div class=\"elementor-element elementor-element-2506169 elementor-widget elementor-widget-spacer\" data-id=\"2506169\" data-element_type=\"widget\" data-widget_type=\"spacer.default\">\n\t\t\t\t<div class=\"elementor-widget-container\">\n\t\t\t\t\t\t\t<div class=\"elementor-spacer\">\n\t\t\t<div class=\"elementor-spacer-inner\"><\/div>\n\t\t<\/div>\n\t\t\t\t\t\t<\/div>\n\t\t\t\t<\/div>\n\t\t\t\t<div class=\"elementor-element elementor-element-7acb2e0 elementor-widget elementor-widget-heading\" data-id=\"7acb2e0\" data-element_type=\"widget\" data-widget_type=\"heading.default\">\n\t\t\t\t<div class=\"elementor-widget-container\">\n\t\t\t\t\t<h2 class=\"elementor-heading-title elementor-size-default\">7. Termina\u00e7\u00e3o<\/h2>\t\t\t\t<\/div>\n\t\t\t\t<\/div>\n\t\t\t\t<div class=\"elementor-element elementor-element-e9e020c elementor-widget elementor-widget-text-editor\" data-id=\"e9e020c\" data-element_type=\"widget\" data-widget_type=\"text-editor.default\">\n\t\t\t\t<div class=\"elementor-widget-container\">\n\t\t\t\t\t\t\t\t\t<p>Reservamos o direito de suspender ou terminar seu acesso a nosso site ou servi\u00e7os se acreditamos que voc\u00ea viola esses termos ou se envolve em atividades ilegais.<\/p>\t\t\t\t\t\t\t\t<\/div>\n\t\t\t\t<\/div>\n\t\t\t\t<div class=\"elementor-element elementor-element-91e4f62 elementor-widget elementor-widget-spacer\" data-id=\"91e4f62\" data-element_type=\"widget\" data-widget_type=\"spacer.default\">\n\t\t\t\t<div class=\"elementor-widget-container\">\n\t\t\t\t\t\t\t<div class=\"elementor-spacer\">\n\t\t\t<div class=\"elementor-spacer-inner\"><\/div>\n\t\t<\/div>\n\t\t\t\t\t\t<\/div>\n\t\t\t\t<\/div>\n\t\t\t\t<div class=\"elementor-element elementor-element-e1643f7 elementor-widget elementor-widget-heading\" data-id=\"e1643f7\" data-element_type=\"widget\" data-widget_type=\"heading.default\">\n\t\t\t\t<div class=\"elementor-widget-container\">\n\t\t\t\t\t<h2 class=\"elementor-heading-title elementor-size-default\">8. Governa\u00e7\u00e3o da Lei e Resolu\u00e7\u00e3o de Disputas<\/h2>\t\t\t\t<\/div>\n\t\t\t\t<\/div>\n\t\t\t\t<div class=\"elementor-element elementor-element-f738194 elementor-widget elementor-widget-text-editor\" data-id=\"f738194\" data-element_type=\"widget\" data-widget_type=\"text-editor.default\">\n\t\t\t\t<div class=\"elementor-widget-container\">\n\t\t\t\t\t\t\t\t\t<p>Esses termos s\u00e3o governados pelas leis da jurisdi\u00e7\u00e3o em que RETTAR \u00e9 incorporado. Qualquer disputa resultante desses termos ser\u00e1 resolvida atrav\u00e9s de arbitragem ou media\u00e7\u00e3o, dependendo da localiza\u00e7\u00e3o e regulamentos jur\u00eddicos aplic\u00e1veis.<\/p>\t\t\t\t\t\t\t\t<\/div>\n\t\t\t\t<\/div>\n\t\t\t\t<div class=\"elementor-element elementor-element-336973c elementor-widget elementor-widget-spacer\" data-id=\"336973c\" data-element_type=\"widget\" data-widget_type=\"spacer.default\">\n\t\t\t\t<div class=\"elementor-widget-container\">\n\t\t\t\t\t\t\t<div class=\"elementor-spacer\">\n\t\t\t<div class=\"elementor-spacer-inner\"><\/div>\n\t\t<\/div>\n\t\t\t\t\t\t<\/div>\n\t\t\t\t<\/div>\n\t\t\t\t<div class=\"elementor-element elementor-element-87fee61 elementor-widget elementor-widget-heading\" data-id=\"87fee61\" data-element_type=\"widget\" data-widget_type=\"heading.default\">\n\t\t\t\t<div class=\"elementor-widget-container\">\n\t\t\t\t\t<h2 class=\"elementor-heading-title elementor-size-default\">9. Force Majeure<\/h2>\t\t\t\t<\/div>\n\t\t\t\t<\/div>\n\t\t\t\t<div class=\"elementor-element elementor-element-fcdfc84 elementor-widget elementor-widget-text-editor\" data-id=\"fcdfc84\" data-element_type=\"widget\" data-widget_type=\"text-editor.default\">\n\t\t\t\t<div class=\"elementor-widget-container\">\n\t\t\t\t\t\t\t\t\t<p>RETTAR n\u00e3o ser\u00e1 respons\u00e1vel por nenhum atraso ou falha de cumprimento de suas obriga\u00e7\u00f5es nesses termos se esse atraso ou falha for devido a eventos al\u00e9m do nosso controle razo\u00e1vel, incluindo, mas n\u00e3o limitados a desastres naturais, pandemia, regulamentos governamentais e a\u00e7\u00f5es de terceiros.<\/p>\t\t\t\t\t\t\t\t<\/div>\n\t\t\t\t<\/div>\n\t\t\t\t<div class=\"elementor-element elementor-element-c491476 elementor-widget elementor-widget-spacer\" data-id=\"c491476\" data-element_type=\"widget\" data-widget_type=\"spacer.default\">\n\t\t\t\t<div class=\"elementor-widget-container\">\n\t\t\t\t\t\t\t<div class=\"elementor-spacer\">\n\t\t\t<div class=\"elementor-spacer-inner\"><\/div>\n\t\t<\/div>\n\t\t\t\t\t\t<\/div>\n\t\t\t\t<\/div>\n\t\t\t\t<div class=\"elementor-element elementor-element-0156887 elementor-widget elementor-widget-heading\" data-id=\"0156887\" data-element_type=\"widget\" data-widget_type=\"heading.default\">\n\t\t\t\t<div class=\"elementor-widget-container\">\n\t\t\t\t\t<h2 class=\"elementor-heading-title elementor-size-default\">10. Vendas internacionais<\/h2>\t\t\t\t<\/div>\n\t\t\t\t<\/div>\n\t\t\t\t<div class=\"elementor-element elementor-element-207c8fc elementor-widget elementor-widget-text-editor\" data-id=\"207c8fc\" data-element_type=\"widget\" data-widget_type=\"text-editor.default\">\n\t\t\t\t<div class=\"elementor-widget-container\">\n\t\t\t\t\t\t\t\t\t<p>Para clientes internacionais, todas as vendas est\u00e3o sujeitas a regulamentos locais de importa\u00e7\u00e3o\/exporta\u00e7\u00e3o, e o comprador \u00e9 respons\u00e1vel por assegurar o cumprimento desses regulamentos.<\/p>\t\t\t\t\t\t\t\t<\/div>\n\t\t\t\t<\/div>\n\t\t\t\t\t<\/div>\n\t\t<\/div>\n\t\t\t\t\t<\/div>\n\t\t<\/section>\n\t\t\t\t\t<\/div>\n\t\t<\/div>\n\t\t\t\t\t<\/div>\n\t\t<\/section>\n\t\t\t\t<\/div>","protected":false},"excerpt":{"rendered":"<p>General Terms and Conditions At RETTAR, we are committed to protecting your privacy and safeguardingyour personal data. This Privacy Policy explains how we collect, use, store, and protectthe information you provide when using our website or interacting with our services. 1. Acceptance of Terms By using RETTAR&#8217;s website or services, you agree to comply with [&hellip;]<\/p>","protected":false},"author":1,"featured_media":0,"parent":0,"menu_order":0,"comment_status":"closed","ping_status":"closed","template":"elementor_header_footer","meta":{"footnotes":""},"class_list":["post-663","page","type-page","status-publish","hentry"],"acf":[],"_links":{"self":[{"href":"https:\/\/www.bulksolids.tech\/pt\/wp-json\/wp\/v2\/pages\/663","targetHints":{"allow":["GET"]}}],"collection":[{"href":"https:\/\/www.bulksolids.tech\/pt\/wp-json\/wp\/v2\/pages"}],"about":[{"href":"https:\/\/www.bulksolids.tech\/pt\/wp-json\/wp\/v2\/types\/page"}],"author":[{"embeddable":true,"href":"https:\/\/www.bulksolids.tech\/pt\/wp-json\/wp\/v2\/users\/1"}],"replies":[{"embeddable":true,"href":"https:\/\/www.bulksolids.tech\/pt\/wp-json\/wp\/v2\/comments?post=663"}],"version-history":[{"count":0,"href":"https:\/\/www.bulksolids.tech\/pt\/wp-json\/wp\/v2\/pages\/663\/revisions"}],"wp:attachment":[{"href":"https:\/\/www.bulksolids.tech\/pt\/wp-json\/wp\/v2\/media?parent=663"}],"curies":[{"name":"wp","href":"https:\/\/api.w.org\/{rel}","templated":true}]}}