{"id":663,"date":"2026-02-01T19:40:12","date_gmt":"2026-02-01T11:40:12","guid":{"rendered":"https:\/\/www.bulksolids.tech\/?page_id=663"},"modified":"2026-03-03T15:14:12","modified_gmt":"2026-03-03T07:14:12","slug":"general-terms-and-conditions","status":"publish","type":"page","link":"https:\/\/www.bulksolids.tech\/fr\/general-terms-and-conditions\/","title":{"rendered":"Conditions g\u00e9n\u00e9rales de vente"},"content":{"rendered":"<div data-elementor-type=\"wp-page\" data-elementor-id=\"663\" class=\"elementor elementor-663\" data-elementor-settings=\"{&quot;ha_cmc_init_switcher&quot;:&quot;no&quot;}\" data-elementor-post-type=\"page\">\n\t\t\t\t\t\t<section class=\"elementor-section elementor-top-section elementor-element elementor-element-26881af elementor-section-full_width elementor-section-height-default elementor-section-height-default\" data-id=\"26881af\" data-element_type=\"section\" data-settings=\"{&quot;background_background&quot;:&quot;classic&quot;,&quot;_ha_eqh_enable&quot;:false}\">\n\t\t\t\t\t\t<div class=\"elementor-container elementor-column-gap-no\">\n\t\t\t\t\t<div class=\"elementor-column elementor-col-100 elementor-top-column elementor-element elementor-element-d3fa395\" data-id=\"d3fa395\" data-element_type=\"column\">\n\t\t\t<div class=\"elementor-widget-wrap elementor-element-populated\">\n\t\t\t\t\t\t<section class=\"elementor-section elementor-inner-section elementor-element elementor-element-af5e8df elementor-section-full_width elementor-section-height-default elementor-section-height-default\" data-id=\"af5e8df\" data-element_type=\"section\" data-settings=\"{&quot;_ha_eqh_enable&quot;:false}\">\n\t\t\t\t\t\t<div class=\"elementor-container elementor-column-gap-no\">\n\t\t\t\t\t<div class=\"elementor-column elementor-col-50 elementor-inner-column elementor-element elementor-element-6371f4e\" data-id=\"6371f4e\" data-element_type=\"column\">\n\t\t\t<div class=\"elementor-widget-wrap elementor-element-populated\">\n\t\t\t\t\t\t<div class=\"elementor-element elementor-element-feea32d elementor-absolute elementor-widget elementor-widget-image\" data-id=\"feea32d\" data-element_type=\"widget\" data-settings=\"{&quot;_position&quot;:&quot;absolute&quot;}\" data-widget_type=\"image.default\">\n\t\t\t\t<div class=\"elementor-widget-container\">\n\t\t\t\t\t\t\t\t\t\t\t\t\t\t\t<img fetchpriority=\"high\" decoding=\"async\" width=\"938\" height=\"1004\" src=\"https:\/\/www.bulksolids.tech\/wp-content\/uploads\/2026\/02\/Ellipse-279.png\" class=\"attachment-full size-full wp-image-1083\" alt=\"General Terms and Conditions - 3D silo volume measurement\u4e28RETTAR\" srcset=\"https:\/\/www.bulksolids.tech\/wp-content\/uploads\/2026\/02\/Ellipse-279.png 938w, https:\/\/www.bulksolids.tech\/wp-content\/uploads\/2026\/02\/Ellipse-279-280x300.png 280w, https:\/\/www.bulksolids.tech\/wp-content\/uploads\/2026\/02\/Ellipse-279-768x822.png 768w, https:\/\/www.bulksolids.tech\/wp-content\/uploads\/2026\/02\/Ellipse-279-11x12.png 11w\" sizes=\"(max-width: 938px) 100vw, 938px\" \/>\t\t\t\t\t\t\t\t\t\t\t\t\t\t\t<\/div>\n\t\t\t\t<\/div>\n\t\t\t\t\t<\/div>\n\t\t<\/div>\n\t\t\t\t<div class=\"elementor-column elementor-col-50 elementor-inner-column elementor-element elementor-element-5fce747\" data-id=\"5fce747\" data-element_type=\"column\">\n\t\t\t<div class=\"elementor-widget-wrap elementor-element-populated\">\n\t\t\t\t\t\t<div class=\"elementor-element elementor-element-2d3fb86 elementor-absolute elementor-widget elementor-widget-image\" data-id=\"2d3fb86\" data-element_type=\"widget\" data-settings=\"{&quot;_position&quot;:&quot;absolute&quot;}\" data-widget_type=\"image.default\">\n\t\t\t\t<div class=\"elementor-widget-container\">\n\t\t\t\t\t\t\t\t\t\t\t\t\t\t\t<img decoding=\"async\" width=\"988\" height=\"1023\" src=\"https:\/\/www.bulksolids.tech\/wp-content\/uploads\/2026\/02\/Ellipse-278.png\" class=\"attachment-full size-full wp-image-1084\" alt=\"General Terms and Conditions - 3D silo volume measurement\u4e28RETTAR\" srcset=\"https:\/\/www.bulksolids.tech\/wp-content\/uploads\/2026\/02\/Ellipse-278.png 988w, https:\/\/www.bulksolids.tech\/wp-content\/uploads\/2026\/02\/Ellipse-278-290x300.png 290w, https:\/\/www.bulksolids.tech\/wp-content\/uploads\/2026\/02\/Ellipse-278-768x795.png 768w, https:\/\/www.bulksolids.tech\/wp-content\/uploads\/2026\/02\/Ellipse-278-12x12.png 12w\" sizes=\"(max-width: 988px) 100vw, 988px\" \/>\t\t\t\t\t\t\t\t\t\t\t\t\t\t\t<\/div>\n\t\t\t\t<\/div>\n\t\t\t\t\t<\/div>\n\t\t<\/div>\n\t\t\t\t\t<\/div>\n\t\t<\/section>\n\t\t\t\t<section class=\"elementor-section elementor-inner-section elementor-element elementor-element-f130484 elementor-section-boxed elementor-section-height-default elementor-section-height-default\" data-id=\"f130484\" data-element_type=\"section\" data-settings=\"{&quot;_ha_eqh_enable&quot;:false}\">\n\t\t\t\t\t\t<div class=\"elementor-container elementor-column-gap-default\">\n\t\t\t\t\t<div class=\"elementor-column elementor-col-100 elementor-inner-column elementor-element elementor-element-da00cc1\" data-id=\"da00cc1\" data-element_type=\"column\">\n\t\t\t<div class=\"elementor-widget-wrap elementor-element-populated\">\n\t\t\t\t\t\t<div class=\"elementor-element elementor-element-979a5dd elementor-widget elementor-widget-heading\" data-id=\"979a5dd\" data-element_type=\"widget\" data-widget_type=\"heading.default\">\n\t\t\t\t<div class=\"elementor-widget-container\">\n\t\t\t\t\t<h1 class=\"elementor-heading-title elementor-size-default\">Conditions g\u00e9n\u00e9rales de vente<\/h1>\t\t\t\t<\/div>\n\t\t\t\t<\/div>\n\t\t\t\t<div class=\"elementor-element elementor-element-2e54755 elementor-widget elementor-widget-text-editor\" data-id=\"2e54755\" data-element_type=\"widget\" data-widget_type=\"text-editor.default\">\n\t\t\t\t<div class=\"elementor-widget-container\">\n\t\t\t\t\t\t\t\t\t<p>\u00c0 <a href=\"https:\/\/www.bulksolids.tech\/fr\/about-us\/\" data-internallinksmanager029f6b8e52c=\"13\" title=\"target=&quot;_blank&quot;\">R\u00e9ttar<\/a>Nous nous engageons \u00e0 prot\u00e9ger votre vie priv\u00e9e et \u00e0 prot\u00e9ger<br \/>vos donn\u00e9es personnelles. Cette politique de confidentialit\u00e9 explique comment nous collectons, utilisons, stockons et prot\u00e9gons<br \/>les informations que vous fournissez lorsque vous utilisez notre site Web ou interagissez avec nos services.<\/p>\t\t\t\t\t\t\t\t<\/div>\n\t\t\t\t<\/div>\n\t\t\t\t<div class=\"elementor-element elementor-element-3f5b6d3 elementor-widget-divider--view-line elementor-widget elementor-widget-divider\" data-id=\"3f5b6d3\" data-element_type=\"widget\" data-widget_type=\"divider.default\">\n\t\t\t\t<div class=\"elementor-widget-container\">\n\t\t\t\t\t\t\t<div class=\"elementor-divider\">\n\t\t\t<span class=\"elementor-divider-separator\">\n\t\t\t\t\t\t<\/span>\n\t\t<\/div>\n\t\t\t\t\t\t<\/div>\n\t\t\t\t<\/div>\n\t\t\t\t\t<\/div>\n\t\t<\/div>\n\t\t\t\t\t<\/div>\n\t\t<\/section>\n\t\t\t\t<section class=\"elementor-section elementor-inner-section elementor-element elementor-element-c4ff779 elementor-section-boxed elementor-section-height-default elementor-section-height-default\" data-id=\"c4ff779\" data-element_type=\"section\" data-settings=\"{&quot;_ha_eqh_enable&quot;:false}\">\n\t\t\t\t\t\t<div class=\"elementor-container elementor-column-gap-default\">\n\t\t\t\t\t<div class=\"elementor-column elementor-col-100 elementor-inner-column elementor-element elementor-element-9a15027\" data-id=\"9a15027\" data-element_type=\"column\">\n\t\t\t<div class=\"elementor-widget-wrap elementor-element-populated\">\n\t\t\t\t\t\t<div class=\"elementor-element elementor-element-1332eae elementor-widget elementor-widget-heading\" data-id=\"1332eae\" data-element_type=\"widget\" data-widget_type=\"heading.default\">\n\t\t\t\t<div class=\"elementor-widget-container\">\n\t\t\t\t\t<h2 class=\"elementor-heading-title elementor-size-default\">1. Acceptation des conditions<\/h2>\t\t\t\t<\/div>\n\t\t\t\t<\/div>\n\t\t\t\t<div class=\"elementor-element elementor-element-e5f85cd elementor-widget elementor-widget-text-editor\" data-id=\"e5f85cd\" data-element_type=\"widget\" data-widget_type=\"text-editor.default\">\n\t\t\t\t<div class=\"elementor-widget-container\">\n\t\t\t\t\t\t\t\t\t<p>En utilisant le site Web ou les services de RETTAR, vous acceptez de vous conformer et d\u2019\u00eatre li\u00e9 par ces Conditions G\u00e9n\u00e9rales. Si vous n'\u00eates pas d'accord avec ces conditions, vous devez vous abstenir d'utiliser notre site Web ou nos services. Ces conditions peuvent \u00eatre mises \u00e0 jour de temps en temps, et il est de votre responsabilit\u00e9 de les revoir p\u00e9riodiquement.<\/p>\t\t\t\t\t\t\t\t<\/div>\n\t\t\t\t<\/div>\n\t\t\t\t<div class=\"elementor-element elementor-element-cccf89f elementor-widget elementor-widget-spacer\" data-id=\"cccf89f\" data-element_type=\"widget\" data-widget_type=\"spacer.default\">\n\t\t\t\t<div class=\"elementor-widget-container\">\n\t\t\t\t\t\t\t<div class=\"elementor-spacer\">\n\t\t\t<div class=\"elementor-spacer-inner\"><\/div>\n\t\t<\/div>\n\t\t\t\t\t\t<\/div>\n\t\t\t\t<\/div>\n\t\t\t\t<div class=\"elementor-element elementor-element-e01e07c elementor-widget elementor-widget-heading\" data-id=\"e01e07c\" data-element_type=\"widget\" data-widget_type=\"heading.default\">\n\t\t\t\t<div class=\"elementor-widget-container\">\n\t\t\t\t\t<h2 class=\"elementor-heading-title elementor-size-default\">2. Conditions de vente (pour les achats)<\/h2>\t\t\t\t<\/div>\n\t\t\t\t<\/div>\n\t\t\t\t<div class=\"elementor-element elementor-element-d819637 elementor-widget elementor-widget-text-editor\" data-id=\"d819637\" data-element_type=\"widget\" data-widget_type=\"text-editor.default\">\n\t\t\t\t<div class=\"elementor-widget-container\">\n\t\t\t\t\t\t\t\t\t<p>2.1 Produits et services<br \/>Nous fournissons une large gamme de produits de mesure et de contr\u00f4le industriels, y compris, mais sans s'y limiter <a href=\"https:\/\/www.bulksolids.tech\/fr\/\" data-internallinksmanager029f6b8e52c=\"8\" title=\"target=&quot;_blank&quot;\">\u00e9metteurs de niveau radar<\/a>scanners laser et syst\u00e8mes de surveillance. La disponibilit\u00e9 des produits, les prix et les sp\u00e9cifications peuvent varier et sont sujets \u00e0 changement.<\/p><p>2.2 Confirmation de commande<br \/>Apr\u00e8s avoir pass\u00e9 une commande via notre site Web ou via un repr\u00e9sentant commercial, vous recevrez une confirmation de commande par e-mail. La commande est consid\u00e9r\u00e9e comme confirm\u00e9e une fois le paiement trait\u00e9 et le produit exp\u00e9di\u00e9 ou le service livr\u00e9.<\/p><p>2.3 Exp\u00e9dition et livraison<br \/>Les d\u00e9lais de livraison et les frais d\u00e9pendent de la destination, du type de produit et de la m\u00e9thode d'exp\u00e9dition choisie. Tout retard dans la livraison d\u00fb \u00e0 des facteurs hors de notre contr\u00f4le (par exemple, les douanes, les conditions m\u00e9t\u00e9orologiques ou les retards de messagerie de tiers) ne sera pas de notre responsabilit\u00e9.<\/p><p>2.4 Conditions de paiement<br \/>Les paiements pour les produits et services doivent \u00eatre effectu\u00e9s selon la m\u00e9thode de paiement convenue au moment de l'achat. Nous acceptons les principales cartes de cr\u00e9dit, virements bancaires et autres m\u00e9thodes de paiement s\u00e9curis\u00e9es. Les prix sont indiqu\u00e9s dans la devise convenue au moment de l'achat.<\/p><p>2.5 Imp\u00f4ts et droits<br \/>Toutes les ventes sont soumises aux taxes et droits applicables dans la juridiction de l\u2019acheteur. L'acheteur est responsable de toutes taxes, droits ou frais de douane suppl\u00e9mentaires associ\u00e9s \u00e0 l'achat et \u00e0 la livraison de produits.<\/p><p>2.6 Retours et remboursements<br \/>Nous proposons une politique de retour et de remboursement pour les produits d\u00e9fectueux dans les 30 jours suivant la date de livraison, \u00e0 condition que le produit soit dans son \u00e9tat d'origine et son emballage. Les retours sont soumis \u00e0 inspection et des frais de reconstitution peuvent s'appliquer. Les produits sur mesure ne peuvent pas \u00eatre retourn\u00e9s sauf d\u00e9fectueux.<\/p>\t\t\t\t\t\t\t\t<\/div>\n\t\t\t\t<\/div>\n\t\t\t\t<div class=\"elementor-element elementor-element-f18a720 elementor-widget elementor-widget-spacer\" data-id=\"f18a720\" data-element_type=\"widget\" data-widget_type=\"spacer.default\">\n\t\t\t\t<div class=\"elementor-widget-container\">\n\t\t\t\t\t\t\t<div class=\"elementor-spacer\">\n\t\t\t<div class=\"elementor-spacer-inner\"><\/div>\n\t\t<\/div>\n\t\t\t\t\t\t<\/div>\n\t\t\t\t<\/div>\n\t\t\t\t<div class=\"elementor-element elementor-element-39739bb elementor-widget elementor-widget-heading\" data-id=\"39739bb\" data-element_type=\"widget\" data-widget_type=\"heading.default\">\n\t\t\t\t<div class=\"elementor-widget-container\">\n\t\t\t\t\t<h2 class=\"elementor-heading-title elementor-size-default\">3. Conditions d\u2019achat (pour les Services)<\/h2>\t\t\t\t<\/div>\n\t\t\t\t<\/div>\n\t\t\t\t<div class=\"elementor-element elementor-element-9f924c4 elementor-widget elementor-widget-text-editor\" data-id=\"9f924c4\" data-element_type=\"widget\" data-widget_type=\"text-editor.default\">\n\t\t\t\t<div class=\"elementor-widget-container\">\n\t\t\t\t\t\t\t\t\t<p>3.1 Contrats de services<br \/>Pour les services tels que l'installation, le support ou la maintenance, un contrat de service sera fourni, pr\u00e9cisant la port\u00e9e, les d\u00e9lais, les frais et les livrables. Toute modification des conditions contractuelles n\u00e9cessitera un accord mutuel.<br \/><br \/>3.2 Disponibilit\u00e9 du service<br \/>Les services sont fournis en fonction de la disponibilit\u00e9 et sont soumis \u00e0 des contraintes de ressources et de planification. Nous vous informerons de tout retard ou annulation attendu dans la livraison du service.<br \/><br \/>3.3 Garantie de service<br \/>Les services sont couverts par une garantie qui garantit les livrables sp\u00e9cifi\u00e9s comme d\u00e9crit dans le contrat de service. Tout d\u00e9faut ou probl\u00e8me d\u00e9coulant de nos services sera corrig\u00e9 sans frais suppl\u00e9mentaires, sous r\u00e9serve des conditions du contrat de service.<\/p>\t\t\t\t\t\t\t\t<\/div>\n\t\t\t\t<\/div>\n\t\t\t\t<div class=\"elementor-element elementor-element-07ecaa3 elementor-widget elementor-widget-spacer\" data-id=\"07ecaa3\" data-element_type=\"widget\" data-widget_type=\"spacer.default\">\n\t\t\t\t<div class=\"elementor-widget-container\">\n\t\t\t\t\t\t\t<div class=\"elementor-spacer\">\n\t\t\t<div class=\"elementor-spacer-inner\"><\/div>\n\t\t<\/div>\n\t\t\t\t\t\t<\/div>\n\t\t\t\t<\/div>\n\t\t\t\t<div class=\"elementor-element elementor-element-6cd1d5d elementor-widget elementor-widget-heading\" data-id=\"6cd1d5d\" data-element_type=\"widget\" data-widget_type=\"heading.default\">\n\t\t\t\t<div class=\"elementor-widget-container\">\n\t\t\t\t\t<h2 class=\"elementor-heading-title elementor-size-default\">4. Limitation de responsabilit\u00e9<\/h2>\t\t\t\t<\/div>\n\t\t\t\t<\/div>\n\t\t\t\t<div class=\"elementor-element elementor-element-9798a15 elementor-widget elementor-widget-text-editor\" data-id=\"9798a15\" data-element_type=\"widget\" data-widget_type=\"text-editor.default\">\n\t\t\t\t<div class=\"elementor-widget-container\">\n\t\t\t\t\t\t\t\t\t<p>4.1 Dommages indirects et cons\u00e9cutifs<br \/>RETTAR ne peut \u00eatre tenu responsable de tout dommage indirect, sp\u00e9cial ou cons\u00e9cutif r\u00e9sultant de l\u2019utilisation de nos produits ou services. Cela comprend, mais n'est pas limit\u00e9 \u00e0, la perte de b\u00e9n\u00e9fice, l'interruption des activit\u00e9s ou les dommages \u00e0 la r\u00e9putation.<br \/><br \/>4.2 Limite de responsabilit\u00e9<br \/>Notre responsabilit\u00e9, qu'elle soit contractuelle, d\u00e9lictuelle ou autre, sera limit\u00e9e au montant pay\u00e9 par vous pour le produit ou le service qui a caus\u00e9 la responsabilit\u00e9.<\/p>\t\t\t\t\t\t\t\t<\/div>\n\t\t\t\t<\/div>\n\t\t\t\t<div class=\"elementor-element elementor-element-0d15edc elementor-widget elementor-widget-spacer\" data-id=\"0d15edc\" data-element_type=\"widget\" data-widget_type=\"spacer.default\">\n\t\t\t\t<div class=\"elementor-widget-container\">\n\t\t\t\t\t\t\t<div class=\"elementor-spacer\">\n\t\t\t<div class=\"elementor-spacer-inner\"><\/div>\n\t\t<\/div>\n\t\t\t\t\t\t<\/div>\n\t\t\t\t<\/div>\n\t\t\t\t<div class=\"elementor-element elementor-element-a0ef166 elementor-widget elementor-widget-heading\" data-id=\"a0ef166\" data-element_type=\"widget\" data-widget_type=\"heading.default\">\n\t\t\t\t<div class=\"elementor-widget-container\">\n\t\t\t\t\t<h2 class=\"elementor-heading-title elementor-size-default\">5. Confidentialit\u00e9 et protection des donn\u00e9es<\/h2>\t\t\t\t<\/div>\n\t\t\t\t<\/div>\n\t\t\t\t<div class=\"elementor-element elementor-element-4f71c78 elementor-widget elementor-widget-text-editor\" data-id=\"4f71c78\" data-element_type=\"widget\" data-widget_type=\"text-editor.default\">\n\t\t\t\t<div class=\"elementor-widget-container\">\n\t\t\t\t\t\t\t\t\t<p>Nous nous engageons \u00e0 prot\u00e9ger vos informations personnelles. Notre politique de confidentialit\u00e9 d\u00e9crit comment nous collectons, stockons et traitons les donn\u00e9es conform\u00e9ment aux lois applicables, y compris le RGPD, la CCPA et d'autres r\u00e9glementations internationales en mati\u00e8re de protection des donn\u00e9es.<\/p>\t\t\t\t\t\t\t\t<\/div>\n\t\t\t\t<\/div>\n\t\t\t\t<div class=\"elementor-element elementor-element-264512e elementor-widget elementor-widget-spacer\" data-id=\"264512e\" data-element_type=\"widget\" data-widget_type=\"spacer.default\">\n\t\t\t\t<div class=\"elementor-widget-container\">\n\t\t\t\t\t\t\t<div class=\"elementor-spacer\">\n\t\t\t<div class=\"elementor-spacer-inner\"><\/div>\n\t\t<\/div>\n\t\t\t\t\t\t<\/div>\n\t\t\t\t<\/div>\n\t\t\t\t<div class=\"elementor-element elementor-element-c5803bb elementor-widget elementor-widget-heading\" data-id=\"c5803bb\" data-element_type=\"widget\" data-widget_type=\"heading.default\">\n\t\t\t\t<div class=\"elementor-widget-container\">\n\t\t\t\t\t<h2 class=\"elementor-heading-title elementor-size-default\">6. Propri\u00e9t\u00e9 intellectuelle<\/h2>\t\t\t\t<\/div>\n\t\t\t\t<\/div>\n\t\t\t\t<div class=\"elementor-element elementor-element-516b54a elementor-widget elementor-widget-text-editor\" data-id=\"516b54a\" data-element_type=\"widget\" data-widget_type=\"text-editor.default\">\n\t\t\t\t<div class=\"elementor-widget-container\">\n\t\t\t\t\t\t\t\t\t<p>Tout le contenu de notre site Web, y compris les descriptions de produits, les logos, les marques de commerce et les logiciels, est la propri\u00e9t\u00e9 intellectuelle de RETTAR ou de ses partenaires et est prot\u00e9g\u00e9 par les lois sur le droit d'auteur. Vous ne pouvez pas reproduire, distribuer ou utiliser ce contenu sans notre autorisation explicite.<\/p>\t\t\t\t\t\t\t\t<\/div>\n\t\t\t\t<\/div>\n\t\t\t\t<div class=\"elementor-element elementor-element-2506169 elementor-widget elementor-widget-spacer\" data-id=\"2506169\" data-element_type=\"widget\" data-widget_type=\"spacer.default\">\n\t\t\t\t<div class=\"elementor-widget-container\">\n\t\t\t\t\t\t\t<div class=\"elementor-spacer\">\n\t\t\t<div class=\"elementor-spacer-inner\"><\/div>\n\t\t<\/div>\n\t\t\t\t\t\t<\/div>\n\t\t\t\t<\/div>\n\t\t\t\t<div class=\"elementor-element elementor-element-7acb2e0 elementor-widget elementor-widget-heading\" data-id=\"7acb2e0\" data-element_type=\"widget\" data-widget_type=\"heading.default\">\n\t\t\t\t<div class=\"elementor-widget-container\">\n\t\t\t\t\t<h2 class=\"elementor-heading-title elementor-size-default\">7. R\u00e9solution<\/h2>\t\t\t\t<\/div>\n\t\t\t\t<\/div>\n\t\t\t\t<div class=\"elementor-element elementor-element-e9e020c elementor-widget elementor-widget-text-editor\" data-id=\"e9e020c\" data-element_type=\"widget\" data-widget_type=\"text-editor.default\">\n\t\t\t\t<div class=\"elementor-widget-container\">\n\t\t\t\t\t\t\t\t\t<p>Nous nous r\u00e9servons le droit de suspendre ou de mettre fin \u00e0 votre acc\u00e8s \u00e0 notre site Web ou \u00e0 nos services si nous croyons que vous avez viol\u00e9 ces conditions ou engag\u00e9 des activit\u00e9s ill\u00e9gales.<\/p>\t\t\t\t\t\t\t\t<\/div>\n\t\t\t\t<\/div>\n\t\t\t\t<div class=\"elementor-element elementor-element-91e4f62 elementor-widget elementor-widget-spacer\" data-id=\"91e4f62\" data-element_type=\"widget\" data-widget_type=\"spacer.default\">\n\t\t\t\t<div class=\"elementor-widget-container\">\n\t\t\t\t\t\t\t<div class=\"elementor-spacer\">\n\t\t\t<div class=\"elementor-spacer-inner\"><\/div>\n\t\t<\/div>\n\t\t\t\t\t\t<\/div>\n\t\t\t\t<\/div>\n\t\t\t\t<div class=\"elementor-element elementor-element-e1643f7 elementor-widget elementor-widget-heading\" data-id=\"e1643f7\" data-element_type=\"widget\" data-widget_type=\"heading.default\">\n\t\t\t\t<div class=\"elementor-widget-container\">\n\t\t\t\t\t<h2 class=\"elementor-heading-title elementor-size-default\">8. Droit applicable et r\u00e8glement des diff\u00e9rends<\/h2>\t\t\t\t<\/div>\n\t\t\t\t<\/div>\n\t\t\t\t<div class=\"elementor-element elementor-element-f738194 elementor-widget elementor-widget-text-editor\" data-id=\"f738194\" data-element_type=\"widget\" data-widget_type=\"text-editor.default\">\n\t\t\t\t<div class=\"elementor-widget-container\">\n\t\t\t\t\t\t\t\t\t<p>Ces conditions sont r\u00e9gies par les lois de la juridiction dans laquelle RETTAR est constitu\u00e9e. Tout litige d\u00e9coulant de ces conditions sera r\u00e9solu par arbitrage ou m\u00e9diation, en fonction de l'emplacement et des r\u00e9glementations l\u00e9gales applicables.<\/p>\t\t\t\t\t\t\t\t<\/div>\n\t\t\t\t<\/div>\n\t\t\t\t<div class=\"elementor-element elementor-element-336973c elementor-widget elementor-widget-spacer\" data-id=\"336973c\" data-element_type=\"widget\" data-widget_type=\"spacer.default\">\n\t\t\t\t<div class=\"elementor-widget-container\">\n\t\t\t\t\t\t\t<div class=\"elementor-spacer\">\n\t\t\t<div class=\"elementor-spacer-inner\"><\/div>\n\t\t<\/div>\n\t\t\t\t\t\t<\/div>\n\t\t\t\t<\/div>\n\t\t\t\t<div class=\"elementor-element elementor-element-87fee61 elementor-widget elementor-widget-heading\" data-id=\"87fee61\" data-element_type=\"widget\" data-widget_type=\"heading.default\">\n\t\t\t\t<div class=\"elementor-widget-container\">\n\t\t\t\t\t<h2 class=\"elementor-heading-title elementor-size-default\">9. Force majeure<\/h2>\t\t\t\t<\/div>\n\t\t\t\t<\/div>\n\t\t\t\t<div class=\"elementor-element elementor-element-fcdfc84 elementor-widget elementor-widget-text-editor\" data-id=\"fcdfc84\" data-element_type=\"widget\" data-widget_type=\"text-editor.default\">\n\t\t\t\t<div class=\"elementor-widget-container\">\n\t\t\t\t\t\t\t\t\t<p>RETTAR ne sera pas responsable de tout retard ou manquement \u00e0 remplir ses obligations en vertu des pr\u00e9sentes conditions si un tel retard ou manquement est d\u00fb \u00e0 des \u00e9v\u00e9nements hors de notre contr\u00f4le raisonnable, y compris, mais sans s'y limiter, les catastrophes naturelles, les pand\u00e9mies, les r\u00e9glementations gouvernementales et les actions de tiers.<\/p>\t\t\t\t\t\t\t\t<\/div>\n\t\t\t\t<\/div>\n\t\t\t\t<div class=\"elementor-element elementor-element-c491476 elementor-widget elementor-widget-spacer\" data-id=\"c491476\" data-element_type=\"widget\" data-widget_type=\"spacer.default\">\n\t\t\t\t<div class=\"elementor-widget-container\">\n\t\t\t\t\t\t\t<div class=\"elementor-spacer\">\n\t\t\t<div class=\"elementor-spacer-inner\"><\/div>\n\t\t<\/div>\n\t\t\t\t\t\t<\/div>\n\t\t\t\t<\/div>\n\t\t\t\t<div class=\"elementor-element elementor-element-0156887 elementor-widget elementor-widget-heading\" data-id=\"0156887\" data-element_type=\"widget\" data-widget_type=\"heading.default\">\n\t\t\t\t<div class=\"elementor-widget-container\">\n\t\t\t\t\t<h2 class=\"elementor-heading-title elementor-size-default\">10. Ventes internationales<\/h2>\t\t\t\t<\/div>\n\t\t\t\t<\/div>\n\t\t\t\t<div class=\"elementor-element elementor-element-207c8fc elementor-widget elementor-widget-text-editor\" data-id=\"207c8fc\" data-element_type=\"widget\" data-widget_type=\"text-editor.default\">\n\t\t\t\t<div class=\"elementor-widget-container\">\n\t\t\t\t\t\t\t\t\t<p>Pour les clients internationaux, toutes les ventes sont soumises aux r\u00e9glementations locales d'importation\/exportation et l'acheteur est responsable de s'assurer de la conformit\u00e9 \u00e0 ces r\u00e9glementations.<\/p>\t\t\t\t\t\t\t\t<\/div>\n\t\t\t\t<\/div>\n\t\t\t\t\t<\/div>\n\t\t<\/div>\n\t\t\t\t\t<\/div>\n\t\t<\/section>\n\t\t\t\t\t<\/div>\n\t\t<\/div>\n\t\t\t\t\t<\/div>\n\t\t<\/section>\n\t\t\t\t<\/div>","protected":false},"excerpt":{"rendered":"<p>General Terms and Conditions At RETTAR, we are committed to protecting your privacy and safeguardingyour personal data. This Privacy Policy explains how we collect, use, store, and protectthe information you provide when using our website or interacting with our services. 1. Acceptance of Terms By using RETTAR&#8217;s website or services, you agree to comply with [&hellip;]<\/p>","protected":false},"author":1,"featured_media":0,"parent":0,"menu_order":0,"comment_status":"closed","ping_status":"closed","template":"elementor_header_footer","meta":{"footnotes":""},"class_list":["post-663","page","type-page","status-publish","hentry"],"acf":[],"_links":{"self":[{"href":"https:\/\/www.bulksolids.tech\/fr\/wp-json\/wp\/v2\/pages\/663","targetHints":{"allow":["GET"]}}],"collection":[{"href":"https:\/\/www.bulksolids.tech\/fr\/wp-json\/wp\/v2\/pages"}],"about":[{"href":"https:\/\/www.bulksolids.tech\/fr\/wp-json\/wp\/v2\/types\/page"}],"author":[{"embeddable":true,"href":"https:\/\/www.bulksolids.tech\/fr\/wp-json\/wp\/v2\/users\/1"}],"replies":[{"embeddable":true,"href":"https:\/\/www.bulksolids.tech\/fr\/wp-json\/wp\/v2\/comments?post=663"}],"version-history":[{"count":0,"href":"https:\/\/www.bulksolids.tech\/fr\/wp-json\/wp\/v2\/pages\/663\/revisions"}],"wp:attachment":[{"href":"https:\/\/www.bulksolids.tech\/fr\/wp-json\/wp\/v2\/media?parent=663"}],"curies":[{"name":"wp","href":"https:\/\/api.w.org\/{rel}","templated":true}]}}