{"id":745,"date":"2026-02-02T05:57:09","date_gmt":"2026-02-01T21:57:09","guid":{"rendered":"https:\/\/www.bulksolids.tech\/?page_id=745"},"modified":"2026-04-22T11:14:13","modified_gmt":"2026-04-22T03:14:13","slug":"technical-center","status":"publish","type":"page","link":"https:\/\/www.bulksolids.tech\/es\/resources\/technical-center\/","title":{"rendered":"Centro t\u00e9cnico"},"content":{"rendered":"<div data-elementor-type=\"wp-page\" data-elementor-id=\"745\" class=\"elementor elementor-745\" data-elementor-settings=\"{&quot;ha_cmc_init_switcher&quot;:&quot;no&quot;}\" data-elementor-post-type=\"page\">\n\t\t\t\t\t\t<section class=\"elementor-section elementor-top-section elementor-element elementor-element-59aa323 elementor-section-full_width elementor-section-height-default elementor-section-height-default\" data-id=\"59aa323\" data-element_type=\"section\" data-settings=\"{&quot;background_background&quot;:&quot;classic&quot;,&quot;_ha_eqh_enable&quot;:false}\">\n\t\t\t\t\t\t<div class=\"elementor-container elementor-column-gap-no\">\n\t\t\t\t\t<div class=\"elementor-column elementor-col-100 elementor-top-column elementor-element elementor-element-be1b9ac\" data-id=\"be1b9ac\" data-element_type=\"column\">\n\t\t\t<div class=\"elementor-widget-wrap elementor-element-populated\">\n\t\t\t\t\t\t<section class=\"elementor-section elementor-inner-section elementor-element elementor-element-66ec160 elementor-section-full_width elementor-section-height-default elementor-section-height-default\" data-id=\"66ec160\" data-element_type=\"section\" data-settings=\"{&quot;_ha_eqh_enable&quot;:false}\">\n\t\t\t\t\t\t<div class=\"elementor-container elementor-column-gap-no\">\n\t\t\t\t\t<div class=\"elementor-column elementor-col-50 elementor-inner-column elementor-element elementor-element-1c97e77\" data-id=\"1c97e77\" data-element_type=\"column\">\n\t\t\t<div class=\"elementor-widget-wrap elementor-element-populated\">\n\t\t\t\t\t\t<div class=\"elementor-element elementor-element-f507227 elementor-absolute elementor-widget elementor-widget-image\" data-id=\"f507227\" data-element_type=\"widget\" data-settings=\"{&quot;_position&quot;:&quot;absolute&quot;}\" data-widget_type=\"image.default\">\n\t\t\t\t<div class=\"elementor-widget-container\">\n\t\t\t\t\t\t\t\t\t\t\t\t\t\t\t<img fetchpriority=\"high\" decoding=\"async\" width=\"938\" height=\"1004\" src=\"https:\/\/www.bulksolids.tech\/wp-content\/uploads\/2026\/02\/Ellipse-279.png\" class=\"attachment-full size-full wp-image-1083\" alt=\"Technical Center - 3D silo volume measurement\u4e28RETTAR\" srcset=\"https:\/\/www.bulksolids.tech\/wp-content\/uploads\/2026\/02\/Ellipse-279.png 938w, https:\/\/www.bulksolids.tech\/wp-content\/uploads\/2026\/02\/Ellipse-279-280x300.png 280w, https:\/\/www.bulksolids.tech\/wp-content\/uploads\/2026\/02\/Ellipse-279-768x822.png 768w, https:\/\/www.bulksolids.tech\/wp-content\/uploads\/2026\/02\/Ellipse-279-11x12.png 11w\" sizes=\"(max-width: 938px) 100vw, 938px\" \/>\t\t\t\t\t\t\t\t\t\t\t\t\t\t\t<\/div>\n\t\t\t\t<\/div>\n\t\t\t\t\t<\/div>\n\t\t<\/div>\n\t\t\t\t<div class=\"elementor-column elementor-col-50 elementor-inner-column elementor-element elementor-element-cf389be\" data-id=\"cf389be\" data-element_type=\"column\">\n\t\t\t<div class=\"elementor-widget-wrap elementor-element-populated\">\n\t\t\t\t\t\t<div class=\"elementor-element elementor-element-572f4f0 elementor-absolute elementor-widget elementor-widget-image\" data-id=\"572f4f0\" data-element_type=\"widget\" data-settings=\"{&quot;_position&quot;:&quot;absolute&quot;}\" data-widget_type=\"image.default\">\n\t\t\t\t<div class=\"elementor-widget-container\">\n\t\t\t\t\t\t\t\t\t\t\t\t\t\t\t<img decoding=\"async\" width=\"988\" height=\"1023\" src=\"https:\/\/www.bulksolids.tech\/wp-content\/uploads\/2026\/02\/Ellipse-278.png\" class=\"attachment-full size-full wp-image-1084\" alt=\"Technical Center - 3D silo volume measurement\u4e28RETTAR\" srcset=\"https:\/\/www.bulksolids.tech\/wp-content\/uploads\/2026\/02\/Ellipse-278.png 988w, https:\/\/www.bulksolids.tech\/wp-content\/uploads\/2026\/02\/Ellipse-278-290x300.png 290w, https:\/\/www.bulksolids.tech\/wp-content\/uploads\/2026\/02\/Ellipse-278-768x795.png 768w, https:\/\/www.bulksolids.tech\/wp-content\/uploads\/2026\/02\/Ellipse-278-12x12.png 12w\" sizes=\"(max-width: 988px) 100vw, 988px\" \/>\t\t\t\t\t\t\t\t\t\t\t\t\t\t\t<\/div>\n\t\t\t\t<\/div>\n\t\t\t\t\t<\/div>\n\t\t<\/div>\n\t\t\t\t\t<\/div>\n\t\t<\/section>\n\t\t\t\t<section class=\"elementor-section elementor-inner-section elementor-element elementor-element-1abf9ad elementor-section-full_width elementor-section-height-default elementor-section-height-default\" data-id=\"1abf9ad\" data-element_type=\"section\" data-settings=\"{&quot;_ha_eqh_enable&quot;:false}\">\n\t\t\t\t\t\t<div class=\"elementor-container elementor-column-gap-default\">\n\t\t\t\t\t<div class=\"elementor-column elementor-col-100 elementor-inner-column elementor-element elementor-element-ec89161\" data-id=\"ec89161\" data-element_type=\"column\">\n\t\t\t<div class=\"elementor-widget-wrap elementor-element-populated\">\n\t\t\t\t\t\t<div class=\"elementor-element elementor-element-402534e elementor-widget elementor-widget-heading\" data-id=\"402534e\" data-element_type=\"widget\" data-widget_type=\"heading.default\">\n\t\t\t\t<div class=\"elementor-widget-container\">\n\t\t\t\t\t<h1 class=\"elementor-heading-title elementor-size-default\">Centro t\u00e9cnico<\/h1>\t\t\t\t<\/div>\n\t\t\t\t<\/div>\n\t\t\t\t<div class=\"elementor-element elementor-element-f99cceb elementor-widget elementor-widget-text-editor\" data-id=\"f99cceb\" data-element_type=\"widget\" data-widget_type=\"text-editor.default\">\n\t\t\t\t<div class=\"elementor-widget-container\">\n\t\t\t\t\t\t\t\t\t<p>Descarga los \u00faltimos cat\u00e1logos, especificaciones t\u00e9cnicas y gu\u00edas de software <a href=\"https:\/\/www.bulksolids.tech\/es\/solutions\/port-logistics-solutions\/\" data-internallinksmanager029f6b8e52c=\"10\" title=\"objetivo=&quot;_blank&quot;\">Ecosistema 3D<\/a>.<\/p>\t\t\t\t\t\t\t\t<\/div>\n\t\t\t\t<\/div>\n\t\t\t\t<div class=\"elementor-element elementor-element-74894a9 elementor-widget elementor-widget-image\" data-id=\"74894a9\" data-element_type=\"widget\" data-widget_type=\"image.default\">\n\t\t\t\t<div class=\"elementor-widget-container\">\n\t\t\t\t\t\t\t\t\t\t\t\t\t\t\t<img decoding=\"async\" width=\"85\" height=\"53\" src=\"https:\/\/www.bulksolids.tech\/wp-content\/uploads\/2026\/02\/Vector-2744.png\" class=\"attachment-large size-large wp-image-1080\" alt=\"Technical Center - 3D silo volume measurement\u4e28RETTAR\" srcset=\"https:\/\/www.bulksolids.tech\/wp-content\/uploads\/2026\/02\/Vector-2744.png 85w, https:\/\/www.bulksolids.tech\/wp-content\/uploads\/2026\/02\/Vector-2744-18x12.png 18w\" sizes=\"(max-width: 85px) 100vw, 85px\" \/>\t\t\t\t\t\t\t\t\t\t\t\t\t\t\t<\/div>\n\t\t\t\t<\/div>\n\t\t\t\t<div class=\"elementor-element elementor-element-1b78c2c elementor-widget elementor-widget-image\" data-id=\"1b78c2c\" data-element_type=\"widget\" data-widget_type=\"image.default\">\n\t\t\t\t<div class=\"elementor-widget-container\">\n\t\t\t\t\t\t\t\t\t\t\t\t\t\t\t<img loading=\"lazy\" decoding=\"async\" width=\"86\" height=\"54\" src=\"https:\/\/www.bulksolids.tech\/wp-content\/uploads\/2026\/02\/Vector-2745.png\" class=\"attachment-large size-large wp-image-1081\" alt=\"Technical Center - 3D silo volume measurement\u4e28RETTAR\" srcset=\"https:\/\/www.bulksolids.tech\/wp-content\/uploads\/2026\/02\/Vector-2745.png 86w, https:\/\/www.bulksolids.tech\/wp-content\/uploads\/2026\/02\/Vector-2745-18x12.png 18w\" sizes=\"(max-width: 86px) 100vw, 86px\" \/>\t\t\t\t\t\t\t\t\t\t\t\t\t\t\t<\/div>\n\t\t\t\t<\/div>\n\t\t\t\t<div class=\"elementor-element elementor-element-16e95e9 elementor-widget elementor-widget-image\" data-id=\"16e95e9\" data-element_type=\"widget\" data-widget_type=\"image.default\">\n\t\t\t\t<div class=\"elementor-widget-container\">\n\t\t\t\t\t\t\t\t\t\t\t\t\t\t\t<img loading=\"lazy\" decoding=\"async\" width=\"85\" height=\"53\" src=\"https:\/\/www.bulksolids.tech\/wp-content\/uploads\/2026\/02\/Vector-2746.png\" class=\"attachment-large size-large wp-image-1082\" alt=\"Technical Center - 3D silo volume measurement\u4e28RETTAR\" srcset=\"https:\/\/www.bulksolids.tech\/wp-content\/uploads\/2026\/02\/Vector-2746.png 85w, https:\/\/www.bulksolids.tech\/wp-content\/uploads\/2026\/02\/Vector-2746-18x12.png 18w\" sizes=\"(max-width: 85px) 100vw, 85px\" \/>\t\t\t\t\t\t\t\t\t\t\t\t\t\t\t<\/div>\n\t\t\t\t<\/div>\n\t\t\t\t\t<\/div>\n\t\t<\/div>\n\t\t\t\t\t<\/div>\n\t\t<\/section>\n\t\t\t\t<section class=\"elementor-section elementor-inner-section elementor-element elementor-element-038ec4c elementor-section-boxed elementor-section-height-default elementor-section-height-default\" data-id=\"038ec4c\" data-element_type=\"section\" data-settings=\"{&quot;_ha_eqh_enable&quot;:false}\">\n\t\t\t\t\t\t<div class=\"elementor-container elementor-column-gap-default\">\n\t\t\t\t\t<div class=\"elementor-column elementor-col-100 elementor-inner-column elementor-element elementor-element-7398efe\" data-id=\"7398efe\" data-element_type=\"column\">\n\t\t\t<div class=\"elementor-widget-wrap elementor-element-populated\">\n\t\t\t\t\t\t<div class=\"elementor-element elementor-element-35299e4 elementor-widget elementor-widget-shortcode\" data-id=\"35299e4\" data-element_type=\"widget\" data-widget_type=\"shortcode.default\">\n\t\t\t\t<div class=\"elementor-widget-container\">\n\t\t\t\t\t\t\t<div class=\"elementor-shortcode\">    <div class=\"cusTechnicalCenterTabsWrap\"\r\n         data-cus-parent-slug=\"technical-center\"\r\n         data-cus-posts-per-page=\"6\"\r\n         data-cus-post-type=\"post\"\r\n         data-cus-orderby=\"date\"\r\n         data-cus-order=\"DESC\">\r\n\r\n        <div class=\"cusTechnicalCenterTabsNav\">\r\n            <button type=\"button\" class=\"cusTechnicalCenterTab isActive\" data-cus-term-id=\"all\">Todos<\/button>\r\n\r\n                                                <button type=\"button\" class=\"cusTechnicalCenterTab\" data-cus-term-id=\"93\">\r\n                        Folletos                    <\/button>\r\n                                    <\/div>\r\n\r\n        <div class=\"cusTechnicalCenterTabsContent\">\r\n                    <div class=\"cusTechnicalCenterPostsGrid\">\r\n                                            <article class=\"cusTechnicalCenterPostItem\">\r\n                    <div class=\"cusTechnicalCenterPostMain\">\r\n                        <div class=\"cusTechnicalCenterPostBody\">\r\n                            <h3 class=\"cusTechnicalCenterPostTitle\">Na22 Medidor de densidad-folleto-(RETTAR)-V1.0<\/h3>\r\n                        <\/div>\r\n                    <\/div>\r\n\r\n                    <div class=\"cusTechnicalCenterReadMore\">\r\n                                                    <div class=\"cusTechnicalCenterDownloadLink cusTechnicalCenterDownloadLinkDisabled\">\r\n                                <div class=\"elementor-element elementor-element-95f3401 elementor-widget__width-auto elementor-view-default ha-has-bg-overlay elementor-widget elementor-widget-icon\" data-id=\"95f3401\" data-element_type=\"widget\" data-widget_type=\"icon.default\">\r\n                                    <div class=\"elementor-widget-container\">\r\n                                        <div class=\"elementor-icon-wrapper\">\r\n                                            <div class=\"elementor-icon\">\r\n                                                <i aria-hidden=\"true\" class=\"hm hm-download\"><\/i>\r\n                                            <\/div>\r\n                                        <\/div>\r\n                                    <\/div>\r\n                                <\/div>\r\n                            <\/div>\r\n                                            <\/div>\r\n                <\/article>\r\n                                            <article class=\"cusTechnicalCenterPostItem\">\r\n                    <div class=\"cusTechnicalCenterPostMain\">\r\n                        <div class=\"cusTechnicalCenterPostBody\">\r\n                            <h3 class=\"cusTechnicalCenterPostTitle\">140GHz Radar nivel medidor-folleto-(RETTAR)-V1.0<\/h3>\r\n                        <\/div>\r\n                    <\/div>\r\n\r\n                    <div class=\"cusTechnicalCenterReadMore\">\r\n                                                    <a class=\"cusTechnicalCenterDownloadLink\" href=\"https:\/\/www.bulksolids.tech\/wp-content\/uploads\/2026\/04\/140GHz-Radar-Level-Meter-brochure-RETTAR-V1.0.pdf\" target=\"_blank\" rel=\"noopener\">\r\n                                <div class=\"elementor-element elementor-element-95f3401 elementor-widget__width-auto elementor-view-default ha-has-bg-overlay elementor-widget elementor-widget-icon\" data-id=\"95f3401\" data-element_type=\"widget\" data-widget_type=\"icon.default\">\r\n                                    <div class=\"elementor-widget-container\">\r\n                                        <div class=\"elementor-icon-wrapper\">\r\n                                            <div class=\"elementor-icon\">\r\n                                                <i aria-hidden=\"true\" class=\"hm hm-download\"><\/i>\r\n                                            <\/div>\r\n                                        <\/div>\r\n                                    <\/div>\r\n                                <\/div>\r\n                            <\/a>\r\n                                            <\/div>\r\n                <\/article>\r\n                                            <article class=\"cusTechnicalCenterPostItem\">\r\n                    <div class=\"cusTechnicalCenterPostMain\">\r\n                        <div class=\"cusTechnicalCenterPostBody\">\r\n                            <h3 class=\"cusTechnicalCenterPostTitle\">80GHz Radar nivel medidor-folleto-(RETTAR)-V1.0<\/h3>\r\n                        <\/div>\r\n                    <\/div>\r\n\r\n                    <div class=\"cusTechnicalCenterReadMore\">\r\n                                                    <a class=\"cusTechnicalCenterDownloadLink\" href=\"https:\/\/www.bulksolids.tech\/wp-content\/uploads\/2026\/04\/80GHz-Radar-Level-Meter-brochure-RETTAR-V1.0.pdf\" target=\"_blank\" rel=\"noopener\">\r\n                                <div class=\"elementor-element elementor-element-95f3401 elementor-widget__width-auto elementor-view-default ha-has-bg-overlay elementor-widget elementor-widget-icon\" data-id=\"95f3401\" data-element_type=\"widget\" data-widget_type=\"icon.default\">\r\n                                    <div class=\"elementor-widget-container\">\r\n                                        <div class=\"elementor-icon-wrapper\">\r\n                                            <div class=\"elementor-icon\">\r\n                                                <i aria-hidden=\"true\" class=\"hm hm-download\"><\/i>\r\n                                            <\/div>\r\n                                        <\/div>\r\n                                    <\/div>\r\n                                <\/div>\r\n                            <\/a>\r\n                                            <\/div>\r\n                <\/article>\r\n                                            <article class=\"cusTechnicalCenterPostItem\">\r\n                    <div class=\"cusTechnicalCenterPostMain\">\r\n                        <div class=\"cusTechnicalCenterPostBody\">\r\n                            <h3 class=\"cusTechnicalCenterPostTitle\">Medidor de nivel de radar de 26GHz-folleto-(RETTAR)-V1.0<\/h3>\r\n                        <\/div>\r\n                    <\/div>\r\n\r\n                    <div class=\"cusTechnicalCenterReadMore\">\r\n                                                    <a class=\"cusTechnicalCenterDownloadLink\" href=\"https:\/\/www.bulksolids.tech\/wp-content\/uploads\/2026\/04\/26GHz-Radar-Level-Meter-Brochure-RETTAR-V1.0.pdf\" target=\"_blank\" rel=\"noopener\">\r\n                                <div class=\"elementor-element elementor-element-95f3401 elementor-widget__width-auto elementor-view-default ha-has-bg-overlay elementor-widget elementor-widget-icon\" data-id=\"95f3401\" data-element_type=\"widget\" data-widget_type=\"icon.default\">\r\n                                    <div class=\"elementor-widget-container\">\r\n                                        <div class=\"elementor-icon-wrapper\">\r\n                                            <div class=\"elementor-icon\">\r\n                                                <i aria-hidden=\"true\" class=\"hm hm-download\"><\/i>\r\n                                            <\/div>\r\n                                        <\/div>\r\n                                    <\/div>\r\n                                <\/div>\r\n                            <\/a>\r\n                                            <\/div>\r\n                <\/article>\r\n                                            <article class=\"cusTechnicalCenterPostItem\">\r\n                    <div class=\"cusTechnicalCenterPostMain\">\r\n                        <div class=\"cusTechnicalCenterPostBody\">\r\n                            <h3 class=\"cusTechnicalCenterPostTitle\">3DPro2300 esc\u00e1ner de radar-folleto-(RETTAR)-V1.1<\/h3>\r\n                        <\/div>\r\n                    <\/div>\r\n\r\n                    <div class=\"cusTechnicalCenterReadMore\">\r\n                                                    <a class=\"cusTechnicalCenterDownloadLink\" href=\"https:\/\/www.bulksolids.tech\/wp-content\/uploads\/2026\/04\/3DPro2300-Radar-Scanner-Brochure-RETTAR-V1.1.pdf\" target=\"_blank\" rel=\"noopener\">\r\n                                <div class=\"elementor-element elementor-element-95f3401 elementor-widget__width-auto elementor-view-default ha-has-bg-overlay elementor-widget elementor-widget-icon\" data-id=\"95f3401\" data-element_type=\"widget\" data-widget_type=\"icon.default\">\r\n                                    <div class=\"elementor-widget-container\">\r\n                                        <div class=\"elementor-icon-wrapper\">\r\n                                            <div class=\"elementor-icon\">\r\n                                                <i aria-hidden=\"true\" class=\"hm hm-download\"><\/i>\r\n                                            <\/div>\r\n                                        <\/div>\r\n                                    <\/div>\r\n                                <\/div>\r\n                            <\/a>\r\n                                            <\/div>\r\n                <\/article>\r\n                                            <article class=\"cusTechnicalCenterPostItem\">\r\n                    <div class=\"cusTechnicalCenterPostMain\">\r\n                        <div class=\"cusTechnicalCenterPostBody\">\r\n                            <h3 class=\"cusTechnicalCenterPostTitle\">3DPro2300F\u00e1cil esc\u00e1ner de radar-folleto-(RETTAR)-V3.0<\/h3>\r\n                        <\/div>\r\n                    <\/div>\r\n\r\n                    <div class=\"cusTechnicalCenterReadMore\">\r\n                                                    <a class=\"cusTechnicalCenterDownloadLink\" href=\"https:\/\/www.bulksolids.tech\/wp-content\/uploads\/2026\/04\/3DPro2300Easy-Radar-Scanner-Brochure-RETTAR-V3.0.pdf\" target=\"_blank\" rel=\"noopener\">\r\n                                <div class=\"elementor-element elementor-element-95f3401 elementor-widget__width-auto elementor-view-default ha-has-bg-overlay elementor-widget elementor-widget-icon\" data-id=\"95f3401\" data-element_type=\"widget\" data-widget_type=\"icon.default\">\r\n                                    <div class=\"elementor-widget-container\">\r\n                                        <div class=\"elementor-icon-wrapper\">\r\n                                            <div class=\"elementor-icon\">\r\n                                                <i aria-hidden=\"true\" class=\"hm hm-download\"><\/i>\r\n                                            <\/div>\r\n                                        <\/div>\r\n                                    <\/div>\r\n                                <\/div>\r\n                            <\/a>\r\n                                            <\/div>\r\n                <\/article>\r\n                    <\/div>\r\n\r\n                    <div class=\"cusTechnicalCenterPaginationWrap\">\r\n                <div class=\"cusTechnicalCenterPaginationTotal\">\r\n                    <span>Total 8<\/span>\r\n                <\/div>\r\n\r\n                <div class=\"cusTechnicalCenterPaginationPerPage\">\r\n                    <select class=\"cusTechnicalCenterPaginationPerPageSelect\">\r\n                        <option value=\"3\" >3\/P\u00e1gina<\/option>\r\n                        <option value=\"6\"  selected='selected'>6\/P\u00e1gina<\/option>\r\n                        <option value=\"9\" >9\/P\u00e1gina<\/option>\r\n                        <option value=\"12\" >12\/P\u00e1gina<\/option>\r\n                    <\/select>\r\n                <\/div>\r\n\r\n                <div class=\"cusTechnicalCenterPaginationPages\">\r\n                    <span class=\"page-numbers prev cusDisabled\">(...).<\/span><span aria-current=\"page\" class=\"page-numbers current cusCurrent\">1<\/span><a data-cus-paged=\"2\" class=\"page-numbers\" href=\"#cus-page-2\">2<\/a><a href=\"#cus-page-2\" class=\"page-numbers next\" data-cus-paged=\"2\">&gt;.<\/a>                <\/div>\r\n\r\n                <div class=\"cusTechnicalCenterPaginationGoTo\">\r\n                    <span>Ir a<\/span>\r\n                    <input\r\n                        type=\"text\"\r\n                        inputmode=\"numeric\"\r\n                        pattern=\"[0-9]*\"\r\n                        class=\"cusTechnicalCenterPaginationGoToInput\"\r\n                        value=\"1\"\r\n                        max=\"2\"\r\n                    \/>\r\n                <\/div>\r\n            <\/div>\r\n            \r\n                <\/div>\r\n    <\/div>\r\n    <\/div>\n\t\t\t\t\t\t<\/div>\n\t\t\t\t<\/div>\n\t\t\t\t\t<\/div>\n\t\t<\/div>\n\t\t\t\t\t<\/div>\n\t\t<\/section>\n\t\t\t\t\t<\/div>\n\t\t<\/div>\n\t\t\t\t\t<\/div>\n\t\t<\/section>\n\t\t\t\t<\/div>","protected":false},"excerpt":{"rendered":"<p>Technical Center Download the latest catalogs, technical specs, and software featureguides for our 3D ecosystem.<\/p>","protected":false},"author":1,"featured_media":0,"parent":644,"menu_order":0,"comment_status":"closed","ping_status":"closed","template":"elementor_header_footer","meta":{"footnotes":""},"class_list":["post-745","page","type-page","status-publish","hentry"],"acf":[],"_links":{"self":[{"href":"https:\/\/www.bulksolids.tech\/es\/wp-json\/wp\/v2\/pages\/745","targetHints":{"allow":["GET"]}}],"collection":[{"href":"https:\/\/www.bulksolids.tech\/es\/wp-json\/wp\/v2\/pages"}],"about":[{"href":"https:\/\/www.bulksolids.tech\/es\/wp-json\/wp\/v2\/types\/page"}],"author":[{"embeddable":true,"href":"https:\/\/www.bulksolids.tech\/es\/wp-json\/wp\/v2\/users\/1"}],"replies":[{"embeddable":true,"href":"https:\/\/www.bulksolids.tech\/es\/wp-json\/wp\/v2\/comments?post=745"}],"version-history":[{"count":0,"href":"https:\/\/www.bulksolids.tech\/es\/wp-json\/wp\/v2\/pages\/745\/revisions"}],"up":[{"embeddable":true,"href":"https:\/\/www.bulksolids.tech\/es\/wp-json\/wp\/v2\/pages\/644"}],"wp:attachment":[{"href":"https:\/\/www.bulksolids.tech\/es\/wp-json\/wp\/v2\/media?parent=745"}],"curies":[{"name":"wp","href":"https:\/\/api.w.org\/{rel}","templated":true}]}}