{"id":663,"date":"2026-02-01T19:40:12","date_gmt":"2026-02-01T11:40:12","guid":{"rendered":"https:\/\/www.bulksolids.tech\/?page_id=663"},"modified":"2026-03-03T15:14:12","modified_gmt":"2026-03-03T07:14:12","slug":"general-terms-and-conditions","status":"publish","type":"page","link":"https:\/\/www.bulksolids.tech\/es\/general-terms-and-conditions\/","title":{"rendered":"T\u00e9rminos y condiciones generales"},"content":{"rendered":"<div data-elementor-type=\"wp-page\" data-elementor-id=\"663\" class=\"elementor elementor-663\" data-elementor-settings=\"{&quot;ha_cmc_init_switcher&quot;:&quot;no&quot;}\" data-elementor-post-type=\"page\">\n\t\t\t\t\t\t<section class=\"elementor-section elementor-top-section elementor-element elementor-element-26881af elementor-section-full_width elementor-section-height-default elementor-section-height-default\" data-id=\"26881af\" data-element_type=\"section\" data-settings=\"{&quot;background_background&quot;:&quot;classic&quot;,&quot;_ha_eqh_enable&quot;:false}\">\n\t\t\t\t\t\t<div class=\"elementor-container elementor-column-gap-no\">\n\t\t\t\t\t<div class=\"elementor-column elementor-col-100 elementor-top-column elementor-element elementor-element-d3fa395\" data-id=\"d3fa395\" data-element_type=\"column\">\n\t\t\t<div class=\"elementor-widget-wrap elementor-element-populated\">\n\t\t\t\t\t\t<section class=\"elementor-section elementor-inner-section elementor-element elementor-element-af5e8df elementor-section-full_width elementor-section-height-default elementor-section-height-default\" data-id=\"af5e8df\" data-element_type=\"section\" data-settings=\"{&quot;_ha_eqh_enable&quot;:false}\">\n\t\t\t\t\t\t<div class=\"elementor-container elementor-column-gap-no\">\n\t\t\t\t\t<div class=\"elementor-column elementor-col-50 elementor-inner-column elementor-element elementor-element-6371f4e\" data-id=\"6371f4e\" data-element_type=\"column\">\n\t\t\t<div class=\"elementor-widget-wrap elementor-element-populated\">\n\t\t\t\t\t\t<div class=\"elementor-element elementor-element-feea32d elementor-absolute elementor-widget elementor-widget-image\" data-id=\"feea32d\" data-element_type=\"widget\" data-settings=\"{&quot;_position&quot;:&quot;absolute&quot;}\" data-widget_type=\"image.default\">\n\t\t\t\t<div class=\"elementor-widget-container\">\n\t\t\t\t\t\t\t\t\t\t\t\t\t\t\t<img fetchpriority=\"high\" decoding=\"async\" width=\"938\" height=\"1004\" src=\"https:\/\/www.bulksolids.tech\/wp-content\/uploads\/2026\/02\/Ellipse-279.png\" class=\"attachment-full size-full wp-image-1083\" alt=\"General Terms and Conditions - 3D silo volume measurement\u4e28RETTAR\" srcset=\"https:\/\/www.bulksolids.tech\/wp-content\/uploads\/2026\/02\/Ellipse-279.png 938w, https:\/\/www.bulksolids.tech\/wp-content\/uploads\/2026\/02\/Ellipse-279-280x300.png 280w, https:\/\/www.bulksolids.tech\/wp-content\/uploads\/2026\/02\/Ellipse-279-768x822.png 768w, https:\/\/www.bulksolids.tech\/wp-content\/uploads\/2026\/02\/Ellipse-279-11x12.png 11w\" sizes=\"(max-width: 938px) 100vw, 938px\" \/>\t\t\t\t\t\t\t\t\t\t\t\t\t\t\t<\/div>\n\t\t\t\t<\/div>\n\t\t\t\t\t<\/div>\n\t\t<\/div>\n\t\t\t\t<div class=\"elementor-column elementor-col-50 elementor-inner-column elementor-element elementor-element-5fce747\" data-id=\"5fce747\" data-element_type=\"column\">\n\t\t\t<div class=\"elementor-widget-wrap elementor-element-populated\">\n\t\t\t\t\t\t<div class=\"elementor-element elementor-element-2d3fb86 elementor-absolute elementor-widget elementor-widget-image\" data-id=\"2d3fb86\" data-element_type=\"widget\" data-settings=\"{&quot;_position&quot;:&quot;absolute&quot;}\" data-widget_type=\"image.default\">\n\t\t\t\t<div class=\"elementor-widget-container\">\n\t\t\t\t\t\t\t\t\t\t\t\t\t\t\t<img decoding=\"async\" width=\"988\" height=\"1023\" src=\"https:\/\/www.bulksolids.tech\/wp-content\/uploads\/2026\/02\/Ellipse-278.png\" class=\"attachment-full size-full wp-image-1084\" alt=\"General Terms and Conditions - 3D silo volume measurement\u4e28RETTAR\" srcset=\"https:\/\/www.bulksolids.tech\/wp-content\/uploads\/2026\/02\/Ellipse-278.png 988w, https:\/\/www.bulksolids.tech\/wp-content\/uploads\/2026\/02\/Ellipse-278-290x300.png 290w, https:\/\/www.bulksolids.tech\/wp-content\/uploads\/2026\/02\/Ellipse-278-768x795.png 768w, https:\/\/www.bulksolids.tech\/wp-content\/uploads\/2026\/02\/Ellipse-278-12x12.png 12w\" sizes=\"(max-width: 988px) 100vw, 988px\" \/>\t\t\t\t\t\t\t\t\t\t\t\t\t\t\t<\/div>\n\t\t\t\t<\/div>\n\t\t\t\t\t<\/div>\n\t\t<\/div>\n\t\t\t\t\t<\/div>\n\t\t<\/section>\n\t\t\t\t<section class=\"elementor-section elementor-inner-section elementor-element elementor-element-f130484 elementor-section-boxed elementor-section-height-default elementor-section-height-default\" data-id=\"f130484\" data-element_type=\"section\" data-settings=\"{&quot;_ha_eqh_enable&quot;:false}\">\n\t\t\t\t\t\t<div class=\"elementor-container elementor-column-gap-default\">\n\t\t\t\t\t<div class=\"elementor-column elementor-col-100 elementor-inner-column elementor-element elementor-element-da00cc1\" data-id=\"da00cc1\" data-element_type=\"column\">\n\t\t\t<div class=\"elementor-widget-wrap elementor-element-populated\">\n\t\t\t\t\t\t<div class=\"elementor-element elementor-element-979a5dd elementor-widget elementor-widget-heading\" data-id=\"979a5dd\" data-element_type=\"widget\" data-widget_type=\"heading.default\">\n\t\t\t\t<div class=\"elementor-widget-container\">\n\t\t\t\t\t<h1 class=\"elementor-heading-title elementor-size-default\">T\u00e9rminos y condiciones generales<\/h1>\t\t\t\t<\/div>\n\t\t\t\t<\/div>\n\t\t\t\t<div class=\"elementor-element elementor-element-2e54755 elementor-widget elementor-widget-text-editor\" data-id=\"2e54755\" data-element_type=\"widget\" data-widget_type=\"text-editor.default\">\n\t\t\t\t<div class=\"elementor-widget-container\">\n\t\t\t\t\t\t\t\t\t<p>En <a href=\"https:\/\/www.bulksolids.tech\/es\/about-us\/\" data-internallinksmanager029f6b8e52c=\"13\" title=\"objetivo=&quot;_blank&quot;\">RETTAR<\/a>Estamos comprometidos a proteger su privacidad y salvaguardar<br \/>sus datos personales. Esta Pol\u00edtica de Privacidad explica c\u00f3mo recopilamos, utilizamos, almacenamos y protegemos<br \/>La informaci\u00f3n que usted proporciona cuando utiliza nuestro sitio web o interact\u00faa con nuestros servicios.<\/p>\t\t\t\t\t\t\t\t<\/div>\n\t\t\t\t<\/div>\n\t\t\t\t<div class=\"elementor-element elementor-element-3f5b6d3 elementor-widget-divider--view-line elementor-widget elementor-widget-divider\" data-id=\"3f5b6d3\" data-element_type=\"widget\" data-widget_type=\"divider.default\">\n\t\t\t\t<div class=\"elementor-widget-container\">\n\t\t\t\t\t\t\t<div class=\"elementor-divider\">\n\t\t\t<span class=\"elementor-divider-separator\">\n\t\t\t\t\t\t<\/span>\n\t\t<\/div>\n\t\t\t\t\t\t<\/div>\n\t\t\t\t<\/div>\n\t\t\t\t\t<\/div>\n\t\t<\/div>\n\t\t\t\t\t<\/div>\n\t\t<\/section>\n\t\t\t\t<section class=\"elementor-section elementor-inner-section elementor-element elementor-element-c4ff779 elementor-section-boxed elementor-section-height-default elementor-section-height-default\" data-id=\"c4ff779\" data-element_type=\"section\" data-settings=\"{&quot;_ha_eqh_enable&quot;:false}\">\n\t\t\t\t\t\t<div class=\"elementor-container elementor-column-gap-default\">\n\t\t\t\t\t<div class=\"elementor-column elementor-col-100 elementor-inner-column elementor-element elementor-element-9a15027\" data-id=\"9a15027\" data-element_type=\"column\">\n\t\t\t<div class=\"elementor-widget-wrap elementor-element-populated\">\n\t\t\t\t\t\t<div class=\"elementor-element elementor-element-1332eae elementor-widget elementor-widget-heading\" data-id=\"1332eae\" data-element_type=\"widget\" data-widget_type=\"heading.default\">\n\t\t\t\t<div class=\"elementor-widget-container\">\n\t\t\t\t\t<h2 class=\"elementor-heading-title elementor-size-default\">1. Aceptaci\u00f3n de los T\u00e9rminos<\/h2>\t\t\t\t<\/div>\n\t\t\t\t<\/div>\n\t\t\t\t<div class=\"elementor-element elementor-element-e5f85cd elementor-widget elementor-widget-text-editor\" data-id=\"e5f85cd\" data-element_type=\"widget\" data-widget_type=\"text-editor.default\">\n\t\t\t\t<div class=\"elementor-widget-container\">\n\t\t\t\t\t\t\t\t\t<p>Al utilizar el sitio web o los servicios de RETTAR, usted acepta cumplir y estar obligado por estos T\u00e9rminos y Condiciones Generales. Si no est\u00e1 de acuerdo con estos t\u00e9rminos, debe abstenerse de usar nuestro sitio web o servicios. Estos t\u00e9rminos pueden ser actualizados de vez en cuando, y es su responsabilidad revisarlos peri\u00f3dicamente.<\/p>\t\t\t\t\t\t\t\t<\/div>\n\t\t\t\t<\/div>\n\t\t\t\t<div class=\"elementor-element elementor-element-cccf89f elementor-widget elementor-widget-spacer\" data-id=\"cccf89f\" data-element_type=\"widget\" data-widget_type=\"spacer.default\">\n\t\t\t\t<div class=\"elementor-widget-container\">\n\t\t\t\t\t\t\t<div class=\"elementor-spacer\">\n\t\t\t<div class=\"elementor-spacer-inner\"><\/div>\n\t\t<\/div>\n\t\t\t\t\t\t<\/div>\n\t\t\t\t<\/div>\n\t\t\t\t<div class=\"elementor-element elementor-element-e01e07c elementor-widget elementor-widget-heading\" data-id=\"e01e07c\" data-element_type=\"widget\" data-widget_type=\"heading.default\">\n\t\t\t\t<div class=\"elementor-widget-container\">\n\t\t\t\t\t<h2 class=\"elementor-heading-title elementor-size-default\">2. Condiciones de venta (para compras)<\/h2>\t\t\t\t<\/div>\n\t\t\t\t<\/div>\n\t\t\t\t<div class=\"elementor-element elementor-element-d819637 elementor-widget elementor-widget-text-editor\" data-id=\"d819637\" data-element_type=\"widget\" data-widget_type=\"text-editor.default\">\n\t\t\t\t<div class=\"elementor-widget-container\">\n\t\t\t\t\t\t\t\t\t<p>2.1 Productos y servicios<br \/>Ofrecemos una amplia gama de productos de medici\u00f3n y control industriales, incluyendo pero no limitado a <a href=\"https:\/\/www.bulksolids.tech\/es\/\" data-internallinksmanager029f6b8e52c=\"8\" title=\"objetivo=&quot;_blank&quot;\">transmisores de nivel de radar<\/a>esc\u00e1neres l\u00e1ser y sistemas de monitoreo. La disponibilidad del producto, los precios y las especificaciones pueden variar y est\u00e1n sujetos a cambios.<\/p><p>2.2 Confirmaci\u00f3n del pedido<br \/>Despu\u00e9s de realizar un pedido a trav\u00e9s de nuestro sitio web o a trav\u00e9s de un representante de ventas, recibir\u00e1 una confirmaci\u00f3n de pedido por correo electr\u00f3nico. El pedido se considera confirmado una vez que se procesa el pago y se env\u00eda el producto o se entrega el servicio.<\/p><p>2.3 Env\u00edo y Entrega<br \/>Los plazos de entrega y los cargos dependen del destino, el tipo de producto y el m\u00e9todo de env\u00edo elegido. Cualquier retraso en la entrega debido a factores fuera de nuestro control (por ejemplo, aduanas, tiempo o retrasos de mensajer\u00eda de terceros) no ser\u00e1 nuestra responsabilidad.<\/p><p>2.4 Condiciones de pago<br \/>Los pagos por productos y servicios deben realizarse de acuerdo con el m\u00e9todo de pago acordado en el momento de la compra. Aceptamos tarjetas de cr\u00e9dito, transferencias bancarias y otros m\u00e9todos de pago seguros. Los precios se indican en la moneda acordada en el momento de la compra.<\/p><p>2.5 Impuestos y derechos<br \/>Todas las ventas est\u00e1n sujetas a impuestos y derechos aplicables en la jurisdicci\u00f3n del comprador. El comprador es responsable de cualquier impuesto adicional, derechos o tarifas aduaneras asociadas con la compra y entrega de productos.<\/p><p>2.6 Devoluciones y reembolsos<br \/>Ofrecemos una pol\u00edtica de devoluci\u00f3n y reembolso para productos defectuosos dentro de los 30 d\u00edas a partir de la fecha de entrega, siempre y cuando el producto est\u00e9 en su estado original y embalaje. Las devoluciones est\u00e1n sujetas a inspecci\u00f3n y se puede aplicar una tarifa de reposici\u00f3n. Los productos hechos a medida no pueden ser devueltos a menos que sean defectuosos.<\/p>\t\t\t\t\t\t\t\t<\/div>\n\t\t\t\t<\/div>\n\t\t\t\t<div class=\"elementor-element elementor-element-f18a720 elementor-widget elementor-widget-spacer\" data-id=\"f18a720\" data-element_type=\"widget\" data-widget_type=\"spacer.default\">\n\t\t\t\t<div class=\"elementor-widget-container\">\n\t\t\t\t\t\t\t<div class=\"elementor-spacer\">\n\t\t\t<div class=\"elementor-spacer-inner\"><\/div>\n\t\t<\/div>\n\t\t\t\t\t\t<\/div>\n\t\t\t\t<\/div>\n\t\t\t\t<div class=\"elementor-element elementor-element-39739bb elementor-widget elementor-widget-heading\" data-id=\"39739bb\" data-element_type=\"widget\" data-widget_type=\"heading.default\">\n\t\t\t\t<div class=\"elementor-widget-container\">\n\t\t\t\t\t<h2 class=\"elementor-heading-title elementor-size-default\">3. Condiciones de compra (para servicios)<\/h2>\t\t\t\t<\/div>\n\t\t\t\t<\/div>\n\t\t\t\t<div class=\"elementor-element elementor-element-9f924c4 elementor-widget elementor-widget-text-editor\" data-id=\"9f924c4\" data-element_type=\"widget\" data-widget_type=\"text-editor.default\">\n\t\t\t\t<div class=\"elementor-widget-container\">\n\t\t\t\t\t\t\t\t\t<p>3.1 Contratos de servicios<br \/>Para servicios como instalaci\u00f3n, soporte o mantenimiento, se proporcionar\u00e1 un contrato de servicio, especificando el alcance, los plazos, las tarifas y los productos entregados. Cualquier cambio en los t\u00e9rminos del contrato requerir\u00e1 un acuerdo mutuo.<br \/><br \/>3.2 Disponibilidad del servicio<br \/>Los servicios se proporcionan en funci\u00f3n de la disponibilidad y est\u00e1n sujetos a restricciones de recursos y programaci\u00f3n. Le notificaremos cualquier retraso o cancelaci\u00f3n prevista en la entrega del servicio.<br \/><br \/>3.3 Garant\u00eda de servicio<br \/>Los servicios est\u00e1n cubiertos por una garant\u00eda que garantiza los productos especificados como se describe en el contrato de servicio. Cualquier defecto o problema que surja de nuestros servicios ser\u00e1 rectificado sin costo adicional, sujeto a los t\u00e9rminos del contrato de servicio.<\/p>\t\t\t\t\t\t\t\t<\/div>\n\t\t\t\t<\/div>\n\t\t\t\t<div class=\"elementor-element elementor-element-07ecaa3 elementor-widget elementor-widget-spacer\" data-id=\"07ecaa3\" data-element_type=\"widget\" data-widget_type=\"spacer.default\">\n\t\t\t\t<div class=\"elementor-widget-container\">\n\t\t\t\t\t\t\t<div class=\"elementor-spacer\">\n\t\t\t<div class=\"elementor-spacer-inner\"><\/div>\n\t\t<\/div>\n\t\t\t\t\t\t<\/div>\n\t\t\t\t<\/div>\n\t\t\t\t<div class=\"elementor-element elementor-element-6cd1d5d elementor-widget elementor-widget-heading\" data-id=\"6cd1d5d\" data-element_type=\"widget\" data-widget_type=\"heading.default\">\n\t\t\t\t<div class=\"elementor-widget-container\">\n\t\t\t\t\t<h2 class=\"elementor-heading-title elementor-size-default\">4. Limitaci\u00f3n de responsabilidad<\/h2>\t\t\t\t<\/div>\n\t\t\t\t<\/div>\n\t\t\t\t<div class=\"elementor-element elementor-element-9798a15 elementor-widget elementor-widget-text-editor\" data-id=\"9798a15\" data-element_type=\"widget\" data-widget_type=\"text-editor.default\">\n\t\t\t\t<div class=\"elementor-widget-container\">\n\t\t\t\t\t\t\t\t\t<p>4.1 Da\u00f1os indirectos y consecuentes<br \/>RETTAR no ser\u00e1 responsable de ning\u00fan da\u00f1o indirecto, especial o consecuente resultante del uso de nuestros productos o servicios. Esto incluye, pero no se limita a, p\u00e9rdida de beneficios, interrupci\u00f3n del negocio o da\u00f1o a la reputaci\u00f3n.<br \/><br \/>4.2 L\u00edmite de responsabilidad<br \/>Nuestra responsabilidad, ya sea en contrato, agravio u otro, se limitar\u00e1 a la cantidad pagada por usted por el producto o servicio que caus\u00f3 la responsabilidad.<\/p>\t\t\t\t\t\t\t\t<\/div>\n\t\t\t\t<\/div>\n\t\t\t\t<div class=\"elementor-element elementor-element-0d15edc elementor-widget elementor-widget-spacer\" data-id=\"0d15edc\" data-element_type=\"widget\" data-widget_type=\"spacer.default\">\n\t\t\t\t<div class=\"elementor-widget-container\">\n\t\t\t\t\t\t\t<div class=\"elementor-spacer\">\n\t\t\t<div class=\"elementor-spacer-inner\"><\/div>\n\t\t<\/div>\n\t\t\t\t\t\t<\/div>\n\t\t\t\t<\/div>\n\t\t\t\t<div class=\"elementor-element elementor-element-a0ef166 elementor-widget elementor-widget-heading\" data-id=\"a0ef166\" data-element_type=\"widget\" data-widget_type=\"heading.default\">\n\t\t\t\t<div class=\"elementor-widget-container\">\n\t\t\t\t\t<h2 class=\"elementor-heading-title elementor-size-default\">5. Privacidad y Protecci\u00f3n de Datos<\/h2>\t\t\t\t<\/div>\n\t\t\t\t<\/div>\n\t\t\t\t<div class=\"elementor-element elementor-element-4f71c78 elementor-widget elementor-widget-text-editor\" data-id=\"4f71c78\" data-element_type=\"widget\" data-widget_type=\"text-editor.default\">\n\t\t\t\t<div class=\"elementor-widget-container\">\n\t\t\t\t\t\t\t\t\t<p>Nos comprometemos a proteger su informaci\u00f3n personal. Nuestra Pol\u00edtica de Privacidad describe c\u00f3mo recopilamos, almacenamos y procesamos datos de conformidad con las leyes aplicables, incluyendo GDPR, CCPA y otras regulaciones internacionales de protecci\u00f3n de datos.<\/p>\t\t\t\t\t\t\t\t<\/div>\n\t\t\t\t<\/div>\n\t\t\t\t<div class=\"elementor-element elementor-element-264512e elementor-widget elementor-widget-spacer\" data-id=\"264512e\" data-element_type=\"widget\" data-widget_type=\"spacer.default\">\n\t\t\t\t<div class=\"elementor-widget-container\">\n\t\t\t\t\t\t\t<div class=\"elementor-spacer\">\n\t\t\t<div class=\"elementor-spacer-inner\"><\/div>\n\t\t<\/div>\n\t\t\t\t\t\t<\/div>\n\t\t\t\t<\/div>\n\t\t\t\t<div class=\"elementor-element elementor-element-c5803bb elementor-widget elementor-widget-heading\" data-id=\"c5803bb\" data-element_type=\"widget\" data-widget_type=\"heading.default\">\n\t\t\t\t<div class=\"elementor-widget-container\">\n\t\t\t\t\t<h2 class=\"elementor-heading-title elementor-size-default\">6. Propiedad intelectual<\/h2>\t\t\t\t<\/div>\n\t\t\t\t<\/div>\n\t\t\t\t<div class=\"elementor-element elementor-element-516b54a elementor-widget elementor-widget-text-editor\" data-id=\"516b54a\" data-element_type=\"widget\" data-widget_type=\"text-editor.default\">\n\t\t\t\t<div class=\"elementor-widget-container\">\n\t\t\t\t\t\t\t\t\t<p>Todo el contenido de nuestro sitio web, incluyendo descripciones de productos, logotipos, marcas comerciales y software, es propiedad intelectual de RETTAR o sus socios y est\u00e1 protegido por leyes de derechos de autor. Usted no puede reproducir, distribuir o usar este contenido sin nuestro permiso expl\u00edcito.<\/p>\t\t\t\t\t\t\t\t<\/div>\n\t\t\t\t<\/div>\n\t\t\t\t<div class=\"elementor-element elementor-element-2506169 elementor-widget elementor-widget-spacer\" data-id=\"2506169\" data-element_type=\"widget\" data-widget_type=\"spacer.default\">\n\t\t\t\t<div class=\"elementor-widget-container\">\n\t\t\t\t\t\t\t<div class=\"elementor-spacer\">\n\t\t\t<div class=\"elementor-spacer-inner\"><\/div>\n\t\t<\/div>\n\t\t\t\t\t\t<\/div>\n\t\t\t\t<\/div>\n\t\t\t\t<div class=\"elementor-element elementor-element-7acb2e0 elementor-widget elementor-widget-heading\" data-id=\"7acb2e0\" data-element_type=\"widget\" data-widget_type=\"heading.default\">\n\t\t\t\t<div class=\"elementor-widget-container\">\n\t\t\t\t\t<h2 class=\"elementor-heading-title elementor-size-default\">7. Terminaci\u00f3n<\/h2>\t\t\t\t<\/div>\n\t\t\t\t<\/div>\n\t\t\t\t<div class=\"elementor-element elementor-element-e9e020c elementor-widget elementor-widget-text-editor\" data-id=\"e9e020c\" data-element_type=\"widget\" data-widget_type=\"text-editor.default\">\n\t\t\t\t<div class=\"elementor-widget-container\">\n\t\t\t\t\t\t\t\t\t<p>Nos reservamos el derecho de suspender o terminar su acceso a nuestro sitio web o servicios si creemos que ha violado estos t\u00e9rminos o ha participado en actividades ilegales.<\/p>\t\t\t\t\t\t\t\t<\/div>\n\t\t\t\t<\/div>\n\t\t\t\t<div class=\"elementor-element elementor-element-91e4f62 elementor-widget elementor-widget-spacer\" data-id=\"91e4f62\" data-element_type=\"widget\" data-widget_type=\"spacer.default\">\n\t\t\t\t<div class=\"elementor-widget-container\">\n\t\t\t\t\t\t\t<div class=\"elementor-spacer\">\n\t\t\t<div class=\"elementor-spacer-inner\"><\/div>\n\t\t<\/div>\n\t\t\t\t\t\t<\/div>\n\t\t\t\t<\/div>\n\t\t\t\t<div class=\"elementor-element elementor-element-e1643f7 elementor-widget elementor-widget-heading\" data-id=\"e1643f7\" data-element_type=\"widget\" data-widget_type=\"heading.default\">\n\t\t\t\t<div class=\"elementor-widget-container\">\n\t\t\t\t\t<h2 class=\"elementor-heading-title elementor-size-default\">8. Ley aplicable y soluci\u00f3n de controversias<\/h2>\t\t\t\t<\/div>\n\t\t\t\t<\/div>\n\t\t\t\t<div class=\"elementor-element elementor-element-f738194 elementor-widget elementor-widget-text-editor\" data-id=\"f738194\" data-element_type=\"widget\" data-widget_type=\"text-editor.default\">\n\t\t\t\t<div class=\"elementor-widget-container\">\n\t\t\t\t\t\t\t\t\t<p>Estos t\u00e9rminos se rigen por las leyes de la jurisdicci\u00f3n en la que RETTAR est\u00e1 incorporado. Cualquier disputa que surja de estos t\u00e9rminos se resolver\u00e1 mediante arbitraje o mediaci\u00f3n, dependiendo de la ubicaci\u00f3n y las regulaciones legales aplicables.<\/p>\t\t\t\t\t\t\t\t<\/div>\n\t\t\t\t<\/div>\n\t\t\t\t<div class=\"elementor-element elementor-element-336973c elementor-widget elementor-widget-spacer\" data-id=\"336973c\" data-element_type=\"widget\" data-widget_type=\"spacer.default\">\n\t\t\t\t<div class=\"elementor-widget-container\">\n\t\t\t\t\t\t\t<div class=\"elementor-spacer\">\n\t\t\t<div class=\"elementor-spacer-inner\"><\/div>\n\t\t<\/div>\n\t\t\t\t\t\t<\/div>\n\t\t\t\t<\/div>\n\t\t\t\t<div class=\"elementor-element elementor-element-87fee61 elementor-widget elementor-widget-heading\" data-id=\"87fee61\" data-element_type=\"widget\" data-widget_type=\"heading.default\">\n\t\t\t\t<div class=\"elementor-widget-container\">\n\t\t\t\t\t<h2 class=\"elementor-heading-title elementor-size-default\">9. Fuerza mayor<\/h2>\t\t\t\t<\/div>\n\t\t\t\t<\/div>\n\t\t\t\t<div class=\"elementor-element elementor-element-fcdfc84 elementor-widget elementor-widget-text-editor\" data-id=\"fcdfc84\" data-element_type=\"widget\" data-widget_type=\"text-editor.default\">\n\t\t\t\t<div class=\"elementor-widget-container\">\n\t\t\t\t\t\t\t\t\t<p>RETTAR no ser\u00e1 responsable de ning\u00fan retraso o incumplimiento de sus obligaciones bajo estos t\u00e9rminos si dicho retraso o incumplimiento se debe a eventos fuera de nuestro control razonable, incluyendo pero no limitado a desastres naturales, pandemias, regulaciones gubernamentales y acciones de terceros.<\/p>\t\t\t\t\t\t\t\t<\/div>\n\t\t\t\t<\/div>\n\t\t\t\t<div class=\"elementor-element elementor-element-c491476 elementor-widget elementor-widget-spacer\" data-id=\"c491476\" data-element_type=\"widget\" data-widget_type=\"spacer.default\">\n\t\t\t\t<div class=\"elementor-widget-container\">\n\t\t\t\t\t\t\t<div class=\"elementor-spacer\">\n\t\t\t<div class=\"elementor-spacer-inner\"><\/div>\n\t\t<\/div>\n\t\t\t\t\t\t<\/div>\n\t\t\t\t<\/div>\n\t\t\t\t<div class=\"elementor-element elementor-element-0156887 elementor-widget elementor-widget-heading\" data-id=\"0156887\" data-element_type=\"widget\" data-widget_type=\"heading.default\">\n\t\t\t\t<div class=\"elementor-widget-container\">\n\t\t\t\t\t<h2 class=\"elementor-heading-title elementor-size-default\">10. Ventas Internacionales<\/h2>\t\t\t\t<\/div>\n\t\t\t\t<\/div>\n\t\t\t\t<div class=\"elementor-element elementor-element-207c8fc elementor-widget elementor-widget-text-editor\" data-id=\"207c8fc\" data-element_type=\"widget\" data-widget_type=\"text-editor.default\">\n\t\t\t\t<div class=\"elementor-widget-container\">\n\t\t\t\t\t\t\t\t\t<p>Para los clientes internacionales, todas las ventas est\u00e1n sujetas a las regulaciones locales de importaci\u00f3n \/ exportaci\u00f3n, y el comprador es responsable de garantizar el cumplimiento de estas regulaciones.<\/p>\t\t\t\t\t\t\t\t<\/div>\n\t\t\t\t<\/div>\n\t\t\t\t\t<\/div>\n\t\t<\/div>\n\t\t\t\t\t<\/div>\n\t\t<\/section>\n\t\t\t\t\t<\/div>\n\t\t<\/div>\n\t\t\t\t\t<\/div>\n\t\t<\/section>\n\t\t\t\t<\/div>","protected":false},"excerpt":{"rendered":"<p>General Terms and Conditions At RETTAR, we are committed to protecting your privacy and safeguardingyour personal data. This Privacy Policy explains how we collect, use, store, and protectthe information you provide when using our website or interacting with our services. 1. Acceptance of Terms By using RETTAR&#8217;s website or services, you agree to comply with [&hellip;]<\/p>","protected":false},"author":1,"featured_media":0,"parent":0,"menu_order":0,"comment_status":"closed","ping_status":"closed","template":"elementor_header_footer","meta":{"footnotes":""},"class_list":["post-663","page","type-page","status-publish","hentry"],"acf":[],"_links":{"self":[{"href":"https:\/\/www.bulksolids.tech\/es\/wp-json\/wp\/v2\/pages\/663","targetHints":{"allow":["GET"]}}],"collection":[{"href":"https:\/\/www.bulksolids.tech\/es\/wp-json\/wp\/v2\/pages"}],"about":[{"href":"https:\/\/www.bulksolids.tech\/es\/wp-json\/wp\/v2\/types\/page"}],"author":[{"embeddable":true,"href":"https:\/\/www.bulksolids.tech\/es\/wp-json\/wp\/v2\/users\/1"}],"replies":[{"embeddable":true,"href":"https:\/\/www.bulksolids.tech\/es\/wp-json\/wp\/v2\/comments?post=663"}],"version-history":[{"count":0,"href":"https:\/\/www.bulksolids.tech\/es\/wp-json\/wp\/v2\/pages\/663\/revisions"}],"wp:attachment":[{"href":"https:\/\/www.bulksolids.tech\/es\/wp-json\/wp\/v2\/media?parent=663"}],"curies":[{"name":"wp","href":"https:\/\/api.w.org\/{rel}","templated":true}]}}