{"id":663,"date":"2026-02-01T19:40:12","date_gmt":"2026-02-01T11:40:12","guid":{"rendered":"https:\/\/www.bulksolids.tech\/?page_id=663"},"modified":"2026-03-03T15:14:12","modified_gmt":"2026-03-03T07:14:12","slug":"general-terms-and-conditions","status":"publish","type":"page","link":"https:\/\/www.bulksolids.tech\/de\/general-terms-and-conditions\/","title":{"rendered":"Allgemeine Gesch\u00e4ftsbedingungen"},"content":{"rendered":"<div data-elementor-type=\"wp-page\" data-elementor-id=\"663\" class=\"elementor elementor-663\" data-elementor-settings=\"{&quot;ha_cmc_init_switcher&quot;:&quot;no&quot;}\" data-elementor-post-type=\"page\">\n\t\t\t\t\t\t<section class=\"elementor-section elementor-top-section elementor-element elementor-element-26881af elementor-section-full_width elementor-section-height-default elementor-section-height-default\" data-id=\"26881af\" data-element_type=\"section\" data-settings=\"{&quot;background_background&quot;:&quot;classic&quot;,&quot;_ha_eqh_enable&quot;:false}\">\n\t\t\t\t\t\t<div class=\"elementor-container elementor-column-gap-no\">\n\t\t\t\t\t<div class=\"elementor-column elementor-col-100 elementor-top-column elementor-element elementor-element-d3fa395\" data-id=\"d3fa395\" data-element_type=\"column\">\n\t\t\t<div class=\"elementor-widget-wrap elementor-element-populated\">\n\t\t\t\t\t\t<section class=\"elementor-section elementor-inner-section elementor-element elementor-element-af5e8df elementor-section-full_width elementor-section-height-default elementor-section-height-default\" data-id=\"af5e8df\" data-element_type=\"section\" data-settings=\"{&quot;_ha_eqh_enable&quot;:false}\">\n\t\t\t\t\t\t<div class=\"elementor-container elementor-column-gap-no\">\n\t\t\t\t\t<div class=\"elementor-column elementor-col-50 elementor-inner-column elementor-element elementor-element-6371f4e\" data-id=\"6371f4e\" data-element_type=\"column\">\n\t\t\t<div class=\"elementor-widget-wrap elementor-element-populated\">\n\t\t\t\t\t\t<div class=\"elementor-element elementor-element-feea32d elementor-absolute elementor-widget elementor-widget-image\" data-id=\"feea32d\" data-element_type=\"widget\" data-settings=\"{&quot;_position&quot;:&quot;absolute&quot;}\" data-widget_type=\"image.default\">\n\t\t\t\t<div class=\"elementor-widget-container\">\n\t\t\t\t\t\t\t\t\t\t\t\t\t\t\t<img fetchpriority=\"high\" decoding=\"async\" width=\"938\" height=\"1004\" src=\"https:\/\/www.bulksolids.tech\/wp-content\/uploads\/2026\/02\/Ellipse-279.png\" class=\"attachment-full size-full wp-image-1083\" alt=\"General Terms and Conditions - 3D silo volume measurement\u4e28RETTAR\" srcset=\"https:\/\/www.bulksolids.tech\/wp-content\/uploads\/2026\/02\/Ellipse-279.png 938w, https:\/\/www.bulksolids.tech\/wp-content\/uploads\/2026\/02\/Ellipse-279-280x300.png 280w, https:\/\/www.bulksolids.tech\/wp-content\/uploads\/2026\/02\/Ellipse-279-768x822.png 768w, https:\/\/www.bulksolids.tech\/wp-content\/uploads\/2026\/02\/Ellipse-279-11x12.png 11w\" sizes=\"(max-width: 938px) 100vw, 938px\" \/>\t\t\t\t\t\t\t\t\t\t\t\t\t\t\t<\/div>\n\t\t\t\t<\/div>\n\t\t\t\t\t<\/div>\n\t\t<\/div>\n\t\t\t\t<div class=\"elementor-column elementor-col-50 elementor-inner-column elementor-element elementor-element-5fce747\" data-id=\"5fce747\" data-element_type=\"column\">\n\t\t\t<div class=\"elementor-widget-wrap elementor-element-populated\">\n\t\t\t\t\t\t<div class=\"elementor-element elementor-element-2d3fb86 elementor-absolute elementor-widget elementor-widget-image\" data-id=\"2d3fb86\" data-element_type=\"widget\" data-settings=\"{&quot;_position&quot;:&quot;absolute&quot;}\" data-widget_type=\"image.default\">\n\t\t\t\t<div class=\"elementor-widget-container\">\n\t\t\t\t\t\t\t\t\t\t\t\t\t\t\t<img decoding=\"async\" width=\"988\" height=\"1023\" src=\"https:\/\/www.bulksolids.tech\/wp-content\/uploads\/2026\/02\/Ellipse-278.png\" class=\"attachment-full size-full wp-image-1084\" alt=\"General Terms and Conditions - 3D silo volume measurement\u4e28RETTAR\" srcset=\"https:\/\/www.bulksolids.tech\/wp-content\/uploads\/2026\/02\/Ellipse-278.png 988w, https:\/\/www.bulksolids.tech\/wp-content\/uploads\/2026\/02\/Ellipse-278-290x300.png 290w, https:\/\/www.bulksolids.tech\/wp-content\/uploads\/2026\/02\/Ellipse-278-768x795.png 768w, https:\/\/www.bulksolids.tech\/wp-content\/uploads\/2026\/02\/Ellipse-278-12x12.png 12w\" sizes=\"(max-width: 988px) 100vw, 988px\" \/>\t\t\t\t\t\t\t\t\t\t\t\t\t\t\t<\/div>\n\t\t\t\t<\/div>\n\t\t\t\t\t<\/div>\n\t\t<\/div>\n\t\t\t\t\t<\/div>\n\t\t<\/section>\n\t\t\t\t<section class=\"elementor-section elementor-inner-section elementor-element elementor-element-f130484 elementor-section-boxed elementor-section-height-default elementor-section-height-default\" data-id=\"f130484\" data-element_type=\"section\" data-settings=\"{&quot;_ha_eqh_enable&quot;:false}\">\n\t\t\t\t\t\t<div class=\"elementor-container elementor-column-gap-default\">\n\t\t\t\t\t<div class=\"elementor-column elementor-col-100 elementor-inner-column elementor-element elementor-element-da00cc1\" data-id=\"da00cc1\" data-element_type=\"column\">\n\t\t\t<div class=\"elementor-widget-wrap elementor-element-populated\">\n\t\t\t\t\t\t<div class=\"elementor-element elementor-element-979a5dd elementor-widget elementor-widget-heading\" data-id=\"979a5dd\" data-element_type=\"widget\" data-widget_type=\"heading.default\">\n\t\t\t\t<div class=\"elementor-widget-container\">\n\t\t\t\t\t<h1 class=\"elementor-heading-title elementor-size-default\">Allgemeine Gesch\u00e4ftsbedingungen<\/h1>\t\t\t\t<\/div>\n\t\t\t\t<\/div>\n\t\t\t\t<div class=\"elementor-element elementor-element-2e54755 elementor-widget elementor-widget-text-editor\" data-id=\"2e54755\" data-element_type=\"widget\" data-widget_type=\"text-editor.default\">\n\t\t\t\t<div class=\"elementor-widget-container\">\n\t\t\t\t\t\t\t\t\t<p>Bei <a href=\"https:\/\/www.bulksolids.tech\/de\/about-us\/\" data-internallinksmanager029f6b8e52c=\"13\" title=\"Ziel=&quot;_blank&quot;\">RETTAR<\/a>Wir verpflichten uns, Ihre Privatsph\u00e4re zu sch\u00fctzen und<br \/>Ihre pers\u00f6nlichen Daten. Diese Datenschutzrichtlinie erkl\u00e4rt, wie wir sammeln, verwenden, speichern und sch\u00fctzen<br \/>Informationen, die Sie zur Verf\u00fcgung stellen, wenn Sie unsere Website nutzen oder mit unseren Diensten interagieren.<\/p>\t\t\t\t\t\t\t\t<\/div>\n\t\t\t\t<\/div>\n\t\t\t\t<div class=\"elementor-element elementor-element-3f5b6d3 elementor-widget-divider--view-line elementor-widget elementor-widget-divider\" data-id=\"3f5b6d3\" data-element_type=\"widget\" data-widget_type=\"divider.default\">\n\t\t\t\t<div class=\"elementor-widget-container\">\n\t\t\t\t\t\t\t<div class=\"elementor-divider\">\n\t\t\t<span class=\"elementor-divider-separator\">\n\t\t\t\t\t\t<\/span>\n\t\t<\/div>\n\t\t\t\t\t\t<\/div>\n\t\t\t\t<\/div>\n\t\t\t\t\t<\/div>\n\t\t<\/div>\n\t\t\t\t\t<\/div>\n\t\t<\/section>\n\t\t\t\t<section class=\"elementor-section elementor-inner-section elementor-element elementor-element-c4ff779 elementor-section-boxed elementor-section-height-default elementor-section-height-default\" data-id=\"c4ff779\" data-element_type=\"section\" data-settings=\"{&quot;_ha_eqh_enable&quot;:false}\">\n\t\t\t\t\t\t<div class=\"elementor-container elementor-column-gap-default\">\n\t\t\t\t\t<div class=\"elementor-column elementor-col-100 elementor-inner-column elementor-element elementor-element-9a15027\" data-id=\"9a15027\" data-element_type=\"column\">\n\t\t\t<div class=\"elementor-widget-wrap elementor-element-populated\">\n\t\t\t\t\t\t<div class=\"elementor-element elementor-element-1332eae elementor-widget elementor-widget-heading\" data-id=\"1332eae\" data-element_type=\"widget\" data-widget_type=\"heading.default\">\n\t\t\t\t<div class=\"elementor-widget-container\">\n\t\t\t\t\t<h2 class=\"elementor-heading-title elementor-size-default\">1. Annahme der Bedingungen<\/h2>\t\t\t\t<\/div>\n\t\t\t\t<\/div>\n\t\t\t\t<div class=\"elementor-element elementor-element-e5f85cd elementor-widget elementor-widget-text-editor\" data-id=\"e5f85cd\" data-element_type=\"widget\" data-widget_type=\"text-editor.default\">\n\t\t\t\t<div class=\"elementor-widget-container\">\n\t\t\t\t\t\t\t\t\t<p>Durch die Nutzung der Website oder Dienste von RETTAR stimmen Sie zu, diese Allgemeinen Gesch\u00e4ftsbedingungen einzuhalten und an sie gebunden zu sein. Wenn Sie mit diesen Bedingungen nicht einverstanden sind, m\u00fcssen Sie auf die Nutzung unserer Website oder unserer Dienste verzichten. Diese Bedingungen k\u00f6nnen von Zeit zu Zeit aktualisiert werden, und es liegt in Ihrer Verantwortung, sie regelm\u00e4\u00dfig zu \u00fcberpr\u00fcfen.<\/p>\t\t\t\t\t\t\t\t<\/div>\n\t\t\t\t<\/div>\n\t\t\t\t<div class=\"elementor-element elementor-element-cccf89f elementor-widget elementor-widget-spacer\" data-id=\"cccf89f\" data-element_type=\"widget\" data-widget_type=\"spacer.default\">\n\t\t\t\t<div class=\"elementor-widget-container\">\n\t\t\t\t\t\t\t<div class=\"elementor-spacer\">\n\t\t\t<div class=\"elementor-spacer-inner\"><\/div>\n\t\t<\/div>\n\t\t\t\t\t\t<\/div>\n\t\t\t\t<\/div>\n\t\t\t\t<div class=\"elementor-element elementor-element-e01e07c elementor-widget elementor-widget-heading\" data-id=\"e01e07c\" data-element_type=\"widget\" data-widget_type=\"heading.default\">\n\t\t\t\t<div class=\"elementor-widget-container\">\n\t\t\t\t\t<h2 class=\"elementor-heading-title elementor-size-default\">2. Verkaufsbedingungen (f\u00fcr Eink\u00e4ufe)<\/h2>\t\t\t\t<\/div>\n\t\t\t\t<\/div>\n\t\t\t\t<div class=\"elementor-element elementor-element-d819637 elementor-widget elementor-widget-text-editor\" data-id=\"d819637\" data-element_type=\"widget\" data-widget_type=\"text-editor.default\">\n\t\t\t\t<div class=\"elementor-widget-container\">\n\t\t\t\t\t\t\t\t\t<p>2.1 Produkte und Dienstleistungen<br \/>Wir bieten eine breite Palette an industriellen Mess- und Steuerprodukten, einschlie\u00dflich, aber nicht beschr\u00e4nkt auf <a href=\"https:\/\/www.bulksolids.tech\/de\/\" data-internallinksmanager029f6b8e52c=\"8\" title=\"Ziel=&quot;_blank&quot;\">Radar-Pegelsender<\/a>Laserscanner und \u00dcberwachungssysteme. Produktverf\u00fcgbarkeit, Preise und Spezifikationen k\u00f6nnen variieren und k\u00f6nnen sich \u00e4ndern.<\/p><p>2.2 Bestellbest\u00e4tigung<br \/>Nachdem Sie eine Bestellung \u00fcber unsere Website oder \u00fcber einen Vertriebsvertreter aufgegeben haben, erhalten Sie eine Bestellbest\u00e4tigung per E-Mail. Die Bestellung gilt als best\u00e4tigt, sobald die Zahlung bearbeitet wurde und das Produkt versendet oder der Service geliefert wurde.<\/p><p>2.3 Versand und Lieferung<br \/>Lieferzeiten und Geb\u00fchren h\u00e4ngen von dem gew\u00e4hlten Zielort, Produkttyp und Versandmethode ab. Verz\u00f6gerungen bei der Lieferung aufgrund von Faktoren au\u00dferhalb unserer Kontrolle (z. B. Zoll-, Wetter- oder Kurierverz\u00f6gerungen Dritter) sind nicht unsere Verantwortung.<\/p><p>2.4 Zahlungsbedingungen<br \/>Zahlungen f\u00fcr Produkte und Dienstleistungen m\u00fcssen nach der zum Zeitpunkt des Kaufs vereinbarten Zahlungsweise erfolgen. Wir akzeptieren Kreditkarten, Bank\u00fcberweisungen und andere sichere Zahlungsmethoden. Die Preise sind in der zum Zeitpunkt des Kaufs vereinbarten W\u00e4hrung angegeben.<\/p><p>2.5 Steuern und Abgaben<br \/>Alle Verk\u00e4ufe unterliegen den geltenden Steuern und Abgaben in der Gerichtsbarkeit des K\u00e4ufers. Der K\u00e4ufer ist f\u00fcr alle zus\u00e4tzlichen Steuern, Z\u00f6lle oder Zollgeb\u00fchren verantwortlich, die mit dem Kauf und der Lieferung von Produkten verbunden sind.<\/p><p>2.6 R\u00fccksendungen und R\u00fcckerstattungen<br \/>Wir bieten eine R\u00fcck- und R\u00fcckerstattungspolitik f\u00fcr defekte Produkte innerhalb von 30 Tagen ab dem Lieferdatum an, sofern das Produkt in seinem urspr\u00fcnglichen Zustand und seiner Verpackung ist. R\u00fccksendungen unterliegen einer Inspektion und eine Nachlagergeb\u00fchr kann anfallen. Ma\u00dfgeschneiderte Produkte d\u00fcrfen nicht zur\u00fcckgegeben werden, es sei denn, sie sind defekt.<\/p>\t\t\t\t\t\t\t\t<\/div>\n\t\t\t\t<\/div>\n\t\t\t\t<div class=\"elementor-element elementor-element-f18a720 elementor-widget elementor-widget-spacer\" data-id=\"f18a720\" data-element_type=\"widget\" data-widget_type=\"spacer.default\">\n\t\t\t\t<div class=\"elementor-widget-container\">\n\t\t\t\t\t\t\t<div class=\"elementor-spacer\">\n\t\t\t<div class=\"elementor-spacer-inner\"><\/div>\n\t\t<\/div>\n\t\t\t\t\t\t<\/div>\n\t\t\t\t<\/div>\n\t\t\t\t<div class=\"elementor-element elementor-element-39739bb elementor-widget elementor-widget-heading\" data-id=\"39739bb\" data-element_type=\"widget\" data-widget_type=\"heading.default\">\n\t\t\t\t<div class=\"elementor-widget-container\">\n\t\t\t\t\t<h2 class=\"elementor-heading-title elementor-size-default\">3. Kaufbedingungen (f\u00fcr Dienstleistungen)<\/h2>\t\t\t\t<\/div>\n\t\t\t\t<\/div>\n\t\t\t\t<div class=\"elementor-element elementor-element-9f924c4 elementor-widget elementor-widget-text-editor\" data-id=\"9f924c4\" data-element_type=\"widget\" data-widget_type=\"text-editor.default\">\n\t\t\t\t<div class=\"elementor-widget-container\">\n\t\t\t\t\t\t\t\t\t<p>3.1 Dienstleistungsvertr\u00e4ge<br \/>F\u00fcr Dienstleistungen wie Installation, Support oder Wartung wird ein Servicevertrag bereitgestellt, in dem Umfang, Zeitpl\u00e4ne, Geb\u00fchren und Lieferungen angegeben werden. \u00c4nderungen der Vertragsbedingungen erfordern gegenseitige Vereinbarung.<br \/><br \/>3.2 Verf\u00fcgbarkeit des Dienstes<br \/>Die Dienstleistungen werden auf der Grundlage der Verf\u00fcgbarkeit bereitgestellt und unterliegen Ressourcen- und Planungsbeschr\u00e4nkungen. Wir werden Sie \u00fcber erwartete Verz\u00f6gerungen oder Stornierungen bei der Lieferung der Dienstleistungen informieren.<br \/><br \/>3.3 Servicegarantie<br \/>Die Dienstleistungen sind durch eine Garantie abgedeckt, die die im Servicevertrag beschriebenen spezifizierten Leistungen garantiert. M\u00e4ngel oder Probleme, die sich aus unseren Dienstleistungen ergeben, werden ohne zus\u00e4tzliche Kosten, vorbehaltlich der Bedingungen des Servicevertrags, behoben.<\/p>\t\t\t\t\t\t\t\t<\/div>\n\t\t\t\t<\/div>\n\t\t\t\t<div class=\"elementor-element elementor-element-07ecaa3 elementor-widget elementor-widget-spacer\" data-id=\"07ecaa3\" data-element_type=\"widget\" data-widget_type=\"spacer.default\">\n\t\t\t\t<div class=\"elementor-widget-container\">\n\t\t\t\t\t\t\t<div class=\"elementor-spacer\">\n\t\t\t<div class=\"elementor-spacer-inner\"><\/div>\n\t\t<\/div>\n\t\t\t\t\t\t<\/div>\n\t\t\t\t<\/div>\n\t\t\t\t<div class=\"elementor-element elementor-element-6cd1d5d elementor-widget elementor-widget-heading\" data-id=\"6cd1d5d\" data-element_type=\"widget\" data-widget_type=\"heading.default\">\n\t\t\t\t<div class=\"elementor-widget-container\">\n\t\t\t\t\t<h2 class=\"elementor-heading-title elementor-size-default\">4. Haftungsbeschr\u00e4nkung<\/h2>\t\t\t\t<\/div>\n\t\t\t\t<\/div>\n\t\t\t\t<div class=\"elementor-element elementor-element-9798a15 elementor-widget elementor-widget-text-editor\" data-id=\"9798a15\" data-element_type=\"widget\" data-widget_type=\"text-editor.default\">\n\t\t\t\t<div class=\"elementor-widget-container\">\n\t\t\t\t\t\t\t\t\t<p>4.1 Indirekte und Folgesch\u00e4den<br \/>RETTAR haftet nicht f\u00fcr indirekte, spezielle oder Folgesch\u00e4den, die sich aus der Nutzung unserer Produkte oder Dienstleistungen ergeben. Dies umfasst aber ist nicht beschr\u00e4nkt auf Gewinnverlust, Gesch\u00e4ftsunterbrechung oder Rufschaden.<br \/><br \/>4.2 Haftungsbegrenzung<br \/>Unsere Haftung, unabh\u00e4ngig davon, ob vertraglich, unerlaubt oder anderweitig, beschr\u00e4nkt sich auf den Betrag, den Sie f\u00fcr das Produkt oder die Dienstleistung bezahlt haben, die die Haftung verursacht hat.<\/p>\t\t\t\t\t\t\t\t<\/div>\n\t\t\t\t<\/div>\n\t\t\t\t<div class=\"elementor-element elementor-element-0d15edc elementor-widget elementor-widget-spacer\" data-id=\"0d15edc\" data-element_type=\"widget\" data-widget_type=\"spacer.default\">\n\t\t\t\t<div class=\"elementor-widget-container\">\n\t\t\t\t\t\t\t<div class=\"elementor-spacer\">\n\t\t\t<div class=\"elementor-spacer-inner\"><\/div>\n\t\t<\/div>\n\t\t\t\t\t\t<\/div>\n\t\t\t\t<\/div>\n\t\t\t\t<div class=\"elementor-element elementor-element-a0ef166 elementor-widget elementor-widget-heading\" data-id=\"a0ef166\" data-element_type=\"widget\" data-widget_type=\"heading.default\">\n\t\t\t\t<div class=\"elementor-widget-container\">\n\t\t\t\t\t<h2 class=\"elementor-heading-title elementor-size-default\">5. Datenschutz und Datenschutz<\/h2>\t\t\t\t<\/div>\n\t\t\t\t<\/div>\n\t\t\t\t<div class=\"elementor-element elementor-element-4f71c78 elementor-widget elementor-widget-text-editor\" data-id=\"4f71c78\" data-element_type=\"widget\" data-widget_type=\"text-editor.default\">\n\t\t\t\t<div class=\"elementor-widget-container\">\n\t\t\t\t\t\t\t\t\t<p>Wir verpflichten uns, Ihre pers\u00f6nlichen Daten zu sch\u00fctzen. Unsere Datenschutzrichtlinie beschreibt, wie wir Daten sammeln, speichern und verarbeiten, in \u00dcbereinstimmung mit geltenden Gesetzen, einschlie\u00dflich der DSGVO, CCPA und anderen internationalen Datenschutzvorschriften.<\/p>\t\t\t\t\t\t\t\t<\/div>\n\t\t\t\t<\/div>\n\t\t\t\t<div class=\"elementor-element elementor-element-264512e elementor-widget elementor-widget-spacer\" data-id=\"264512e\" data-element_type=\"widget\" data-widget_type=\"spacer.default\">\n\t\t\t\t<div class=\"elementor-widget-container\">\n\t\t\t\t\t\t\t<div class=\"elementor-spacer\">\n\t\t\t<div class=\"elementor-spacer-inner\"><\/div>\n\t\t<\/div>\n\t\t\t\t\t\t<\/div>\n\t\t\t\t<\/div>\n\t\t\t\t<div class=\"elementor-element elementor-element-c5803bb elementor-widget elementor-widget-heading\" data-id=\"c5803bb\" data-element_type=\"widget\" data-widget_type=\"heading.default\">\n\t\t\t\t<div class=\"elementor-widget-container\">\n\t\t\t\t\t<h2 class=\"elementor-heading-title elementor-size-default\">6. Geistiges Eigentum<\/h2>\t\t\t\t<\/div>\n\t\t\t\t<\/div>\n\t\t\t\t<div class=\"elementor-element elementor-element-516b54a elementor-widget elementor-widget-text-editor\" data-id=\"516b54a\" data-element_type=\"widget\" data-widget_type=\"text-editor.default\">\n\t\t\t\t<div class=\"elementor-widget-container\">\n\t\t\t\t\t\t\t\t\t<p>Alle Inhalte auf unserer Website, einschlie\u00dflich Produktbeschreibungen, Logos, Marken und Software, sind geistiges Eigentum von RETTAR oder seinen Partnern und sind durch Urheberrechtsgesetze gesch\u00fctzt. Sie d\u00fcrfen diese Inhalte nicht ohne unsere ausdr\u00fcckliche Erlaubnis reproduzieren, verteilen oder verwenden.<\/p>\t\t\t\t\t\t\t\t<\/div>\n\t\t\t\t<\/div>\n\t\t\t\t<div class=\"elementor-element elementor-element-2506169 elementor-widget elementor-widget-spacer\" data-id=\"2506169\" data-element_type=\"widget\" data-widget_type=\"spacer.default\">\n\t\t\t\t<div class=\"elementor-widget-container\">\n\t\t\t\t\t\t\t<div class=\"elementor-spacer\">\n\t\t\t<div class=\"elementor-spacer-inner\"><\/div>\n\t\t<\/div>\n\t\t\t\t\t\t<\/div>\n\t\t\t\t<\/div>\n\t\t\t\t<div class=\"elementor-element elementor-element-7acb2e0 elementor-widget elementor-widget-heading\" data-id=\"7acb2e0\" data-element_type=\"widget\" data-widget_type=\"heading.default\">\n\t\t\t\t<div class=\"elementor-widget-container\">\n\t\t\t\t\t<h2 class=\"elementor-heading-title elementor-size-default\">7. Beendigung<\/h2>\t\t\t\t<\/div>\n\t\t\t\t<\/div>\n\t\t\t\t<div class=\"elementor-element elementor-element-e9e020c elementor-widget elementor-widget-text-editor\" data-id=\"e9e020c\" data-element_type=\"widget\" data-widget_type=\"text-editor.default\">\n\t\t\t\t<div class=\"elementor-widget-container\">\n\t\t\t\t\t\t\t\t\t<p>Wir behalten uns das Recht vor, Ihren Zugang zu unserer Website oder unseren Diensten auszusetzen oder zu beenden, wenn wir glauben, dass Sie gegen diese Bedingungen versto\u00dfen haben oder sich an illegalen Aktivit\u00e4ten beteiligt haben.<\/p>\t\t\t\t\t\t\t\t<\/div>\n\t\t\t\t<\/div>\n\t\t\t\t<div class=\"elementor-element elementor-element-91e4f62 elementor-widget elementor-widget-spacer\" data-id=\"91e4f62\" data-element_type=\"widget\" data-widget_type=\"spacer.default\">\n\t\t\t\t<div class=\"elementor-widget-container\">\n\t\t\t\t\t\t\t<div class=\"elementor-spacer\">\n\t\t\t<div class=\"elementor-spacer-inner\"><\/div>\n\t\t<\/div>\n\t\t\t\t\t\t<\/div>\n\t\t\t\t<\/div>\n\t\t\t\t<div class=\"elementor-element elementor-element-e1643f7 elementor-widget elementor-widget-heading\" data-id=\"e1643f7\" data-element_type=\"widget\" data-widget_type=\"heading.default\">\n\t\t\t\t<div class=\"elementor-widget-container\">\n\t\t\t\t\t<h2 class=\"elementor-heading-title elementor-size-default\">8. Anwendbares Recht und Streitbeilegung<\/h2>\t\t\t\t<\/div>\n\t\t\t\t<\/div>\n\t\t\t\t<div class=\"elementor-element elementor-element-f738194 elementor-widget elementor-widget-text-editor\" data-id=\"f738194\" data-element_type=\"widget\" data-widget_type=\"text-editor.default\">\n\t\t\t\t<div class=\"elementor-widget-container\">\n\t\t\t\t\t\t\t\t\t<p>Diese Bedingungen unterliegen den Gesetzen der Gerichtsbarkeit, in der RETTAR gegr\u00fcndet ist. Alle Streitigkeiten, die sich aus diesen Bedingungen ergeben, werden durch Schiedsverfahren oder Vermittlung gel\u00f6st, je nach Ort und geltenden gesetzlichen Vorschriften.<\/p>\t\t\t\t\t\t\t\t<\/div>\n\t\t\t\t<\/div>\n\t\t\t\t<div class=\"elementor-element elementor-element-336973c elementor-widget elementor-widget-spacer\" data-id=\"336973c\" data-element_type=\"widget\" data-widget_type=\"spacer.default\">\n\t\t\t\t<div class=\"elementor-widget-container\">\n\t\t\t\t\t\t\t<div class=\"elementor-spacer\">\n\t\t\t<div class=\"elementor-spacer-inner\"><\/div>\n\t\t<\/div>\n\t\t\t\t\t\t<\/div>\n\t\t\t\t<\/div>\n\t\t\t\t<div class=\"elementor-element elementor-element-87fee61 elementor-widget elementor-widget-heading\" data-id=\"87fee61\" data-element_type=\"widget\" data-widget_type=\"heading.default\">\n\t\t\t\t<div class=\"elementor-widget-container\">\n\t\t\t\t\t<h2 class=\"elementor-heading-title elementor-size-default\">9. H\u00f6here Gewalt<\/h2>\t\t\t\t<\/div>\n\t\t\t\t<\/div>\n\t\t\t\t<div class=\"elementor-element elementor-element-fcdfc84 elementor-widget elementor-widget-text-editor\" data-id=\"fcdfc84\" data-element_type=\"widget\" data-widget_type=\"text-editor.default\">\n\t\t\t\t<div class=\"elementor-widget-container\">\n\t\t\t\t\t\t\t\t\t<p>RETTAR haftet nicht f\u00fcr Verz\u00f6gerungen oder Nichterf\u00fcllung seiner Verpflichtungen aus diesen Bedingungen, wenn eine solche Verz\u00f6gerung oder Nichterf\u00fcllung auf Ereignisse zur\u00fcckzuf\u00fchren ist, die au\u00dferhalb unserer angemessenen Kontrolle liegen, einschlie\u00dflich, aber nicht beschr\u00e4nkt auf Naturkatastrophen, Pandemien, staatliche Vorschriften und Ma\u00dfnahmen Dritter.<\/p>\t\t\t\t\t\t\t\t<\/div>\n\t\t\t\t<\/div>\n\t\t\t\t<div class=\"elementor-element elementor-element-c491476 elementor-widget elementor-widget-spacer\" data-id=\"c491476\" data-element_type=\"widget\" data-widget_type=\"spacer.default\">\n\t\t\t\t<div class=\"elementor-widget-container\">\n\t\t\t\t\t\t\t<div class=\"elementor-spacer\">\n\t\t\t<div class=\"elementor-spacer-inner\"><\/div>\n\t\t<\/div>\n\t\t\t\t\t\t<\/div>\n\t\t\t\t<\/div>\n\t\t\t\t<div class=\"elementor-element elementor-element-0156887 elementor-widget elementor-widget-heading\" data-id=\"0156887\" data-element_type=\"widget\" data-widget_type=\"heading.default\">\n\t\t\t\t<div class=\"elementor-widget-container\">\n\t\t\t\t\t<h2 class=\"elementor-heading-title elementor-size-default\">10. Internationaler Vertrieb<\/h2>\t\t\t\t<\/div>\n\t\t\t\t<\/div>\n\t\t\t\t<div class=\"elementor-element elementor-element-207c8fc elementor-widget elementor-widget-text-editor\" data-id=\"207c8fc\" data-element_type=\"widget\" data-widget_type=\"text-editor.default\">\n\t\t\t\t<div class=\"elementor-widget-container\">\n\t\t\t\t\t\t\t\t\t<p>F\u00fcr internationale Kunden unterliegen alle Verk\u00e4ufe lokalen Import-\/Exportvorschriften und der K\u00e4ufer ist daf\u00fcr verantwortlich, dass diese Vorschriften eingehalten werden.<\/p>\t\t\t\t\t\t\t\t<\/div>\n\t\t\t\t<\/div>\n\t\t\t\t\t<\/div>\n\t\t<\/div>\n\t\t\t\t\t<\/div>\n\t\t<\/section>\n\t\t\t\t\t<\/div>\n\t\t<\/div>\n\t\t\t\t\t<\/div>\n\t\t<\/section>\n\t\t\t\t<\/div>","protected":false},"excerpt":{"rendered":"<p>General Terms and Conditions At RETTAR, we are committed to protecting your privacy and safeguardingyour personal data. This Privacy Policy explains how we collect, use, store, and protectthe information you provide when using our website or interacting with our services. 1. Acceptance of Terms By using RETTAR&#8217;s website or services, you agree to comply with [&hellip;]<\/p>","protected":false},"author":1,"featured_media":0,"parent":0,"menu_order":0,"comment_status":"closed","ping_status":"closed","template":"elementor_header_footer","meta":{"footnotes":""},"class_list":["post-663","page","type-page","status-publish","hentry"],"acf":[],"_links":{"self":[{"href":"https:\/\/www.bulksolids.tech\/de\/wp-json\/wp\/v2\/pages\/663","targetHints":{"allow":["GET"]}}],"collection":[{"href":"https:\/\/www.bulksolids.tech\/de\/wp-json\/wp\/v2\/pages"}],"about":[{"href":"https:\/\/www.bulksolids.tech\/de\/wp-json\/wp\/v2\/types\/page"}],"author":[{"embeddable":true,"href":"https:\/\/www.bulksolids.tech\/de\/wp-json\/wp\/v2\/users\/1"}],"replies":[{"embeddable":true,"href":"https:\/\/www.bulksolids.tech\/de\/wp-json\/wp\/v2\/comments?post=663"}],"version-history":[{"count":0,"href":"https:\/\/www.bulksolids.tech\/de\/wp-json\/wp\/v2\/pages\/663\/revisions"}],"wp:attachment":[{"href":"https:\/\/www.bulksolids.tech\/de\/wp-json\/wp\/v2\/media?parent=663"}],"curies":[{"name":"wp","href":"https:\/\/api.w.org\/{rel}","templated":true}]}}